{"id":100,"date":"2024-04-08T11:37:24","date_gmt":"2024-04-08T09:37:24","guid":{"rendered":"https:\/\/smart-vente-reparation.fr\/index.php\/home\/"},"modified":"2024-04-20T10:11:23","modified_gmt":"2024-04-20T08:11:23","slug":"smart-vente-reparation-marseille","status":"publish","type":"page","link":"https:\/\/smart-vente-reparation.fr\/","title":{"rendered":"Garage Sp\u00e9cialiste Smart Achat &#8211; Vente R\u00e9parations &#8211; Entretien"},"content":{"rendered":"<div class=\"wp-block-image\">\n<figure class=\"aligncenter size-full\"><a href=\"https:\/\/smart-vente-reparation.fr\/wp-content\/uploads\/2024\/04\/photo-1.jpg\"><img fetchpriority=\"high\" decoding=\"async\" width=\"464\" height=\"302\" src=\"https:\/\/smart-vente-reparation.fr\/wp-content\/uploads\/2024\/04\/photo-1.jpg\" alt=\"Smartfun Auto - garage smart occasion\" class=\"wp-image-350\" srcset=\"https:\/\/smart-vente-reparation.fr\/wp-content\/uploads\/2024\/04\/photo-1.jpg 464w, https:\/\/smart-vente-reparation.fr\/wp-content\/uploads\/2024\/04\/photo-1-300x195.jpg 300w\" sizes=\"(max-width: 464px) 100vw, 464px\" \/><\/a><\/figure>\n<\/div>\n\n\n<p class=\"has-text-align-center has-text-color has-link-color has-medium-font-size wp-elements-7d5268519cf402f6e2ee92607ead8a61\" style=\"color:#98dfd1;font-style:normal;font-weight:700;letter-spacing:10px;text-decoration:none\"><strong>SP\u00c9CIALISTE SMART<\/strong><br><strong><strong>MARSEILLE<\/strong><\/strong> &#8211; <strong>AUBAGNE<\/strong><br><strong>TOULON-AIX EN PROVENCE<\/strong> <\/p>\n\n\n\n<p>Bienvenue chez <strong>SMARTFUN AUTO<\/strong>, une \u00e9quipe \u00e0 votre \u00e9coute pour l&rsquo;achat, la vente, l&rsquo;entretien de votre Smart. (Toutes g\u00e9n\u00e9rations) .<\/p>\n\n\n\n<h4 class=\"wp-block-heading has-text-color has-link-color wp-elements-9dc2678fb39569bbac47008091a7041f\" style=\"color:#98dfd1\">R\u00e9visions : <\/h4>\n\n\n\n<p>Durant toute la vie de votre v\u00e9hicule, un entretien r\u00e9gulier est n\u00e9cessaire. Nous vous proposons tout une gamme de forfait adapt\u00e9s aux besoins de votre smart.<\/p>\n\n\n\n<h4 class=\"wp-block-heading has-text-color has-link-color wp-elements-35c060315d6babe52ececbe7e279009f\" style=\"color:#98dfd1\">Recherches de pannes et R\u00e9parations : <\/h4>\n\n\n\n<p>Nous effectuons toutes recherches de pannes et r\u00e9parations \u00e0 des tarifs tr\u00e8s comp\u00e9titifs. Possibilit\u00e9 de remorquage pour les v\u00e9hicules immobilis\u00e9s.<\/p>\n\n\n\n<h4 class=\"wp-block-heading has-text-color has-link-color wp-elements-3b3ee808086b6f0846fd96b0d2aaf997\" style=\"color:#98dfd1\">Embrayage :<\/h4>\n\n\n\n<p>L&rsquo;usure de votre embrayage et de l&rsquo;actuateur sont la cause d&rsquo;une multitude de mauvais fonctionnement voir m\u00eame d&rsquo;immobilisation de votre smart, le remplacement de ces pi\u00e8ces  est un gage d&rsquo;un bon fonctionnement pour votre v\u00e9hicule.<\/p>\n\n\n\n<h4 class=\"wp-block-heading has-text-color has-link-color wp-elements-e49650b04ec22a8aae79378c3c960ae5\" style=\"color:#98dfd1\">Am\u00e9lioration :<\/h4>\n\n\n\n<p>Nous rempla\u00e7ons votre autoradio d&rsquo;origine par un \u00e9cran multim\u00e9dia (GPS, bluetooth, carplay, android auto) et nous lui associons une camera de recul.<\/p>\n\n\n\n<h4 class=\"wp-block-heading has-text-color has-link-color wp-elements-077307fc60b7ffba0821a9b0e0e56fc0\" style=\"color:#98dfd1\">Occasions :<\/h4>\n\n\n\n<p>Une s\u00e9lection de Smarts r\u00e9vis\u00e9es et garanties de 12 \u00e0 24 mois par nos soins.<br>N&rsquo;h\u00e9sitez pas \u00e0 consulter <a href=\"https:\/\/smart-vente-reparation.fr\/index.php\/occasions-smart-garage-marseille-aubagne\/\">notre rubrique .<\/a><\/p>\n","protected":false},"excerpt":{"rendered":"<p>SP\u00c9CIALISTE SMARTMARSEILLE &#8211; AUBAGNETOULON-AIX EN PROVENCE Bienvenue chez SMARTFUN AUTO, une \u00e9quipe \u00e0 votre \u00e9coute pour l&rsquo;achat, la vente, l&rsquo;entretien de votre Smart. (Toutes g\u00e9n\u00e9rations) . R\u00e9visions : Durant toute la vie de votre v\u00e9hicule, un entretien r\u00e9gulier est n\u00e9cessaire. Nous vous proposons tout une gamme de forfait adapt\u00e9s aux besoins de votre smart. Recherches [&hellip;]<\/p>\n","protected":false},"author":1,"featured_media":0,"parent":0,"menu_order":0,"comment_status":"closed","ping_status":"closed","template":"","meta":{"footnotes":""},"class_list":["post-100","page","type-page","status-publish","hentry"],"yoast_head":"<!-- This site is optimized with the Yoast SEO plugin v27.4 - https:\/\/yoast.com\/product\/yoast-seo-wordpress\/ -->\n<title>Garage Sp\u00e9cialiste Smart Achat - Vente R\u00e9parations - Entretien -<\/title>\n<meta name=\"description\" content=\"garage smart r\u00e9paration, r\u00e9vision embrayage Marseille Aubagne v\u00e9hicule remorquage \u00e9cran multim\u00e9dia bluetooth - sp\u00e9cialiste, occasions smartfun\" \/>\n<meta name=\"robots\" content=\"index, follow, max-snippet:-1, max-image-preview:large, max-video-preview:-1\" \/>\n<link rel=\"canonical\" href=\"https:\/\/smart-vente-reparation.fr\/\" \/>\n<meta property=\"og:locale\" content=\"fr_FR\" \/>\n<meta property=\"og:type\" content=\"article\" \/>\n<meta property=\"og:title\" content=\"Garage Sp\u00e9cialiste Smart Achat - Vente R\u00e9parations - Entretien -\" \/>\n<meta property=\"og:description\" content=\"garage smart r\u00e9paration, r\u00e9vision embrayage Marseille Aubagne v\u00e9hicule remorquage \u00e9cran multim\u00e9dia bluetooth - sp\u00e9cialiste, occasions smartfun\" \/>\n<meta property=\"og:url\" content=\"https:\/\/smart-vente-reparation.fr\/\" \/>\n<meta property=\"article:modified_time\" content=\"2024-04-20T08:11:23+00:00\" \/>\n<meta property=\"og:image\" content=\"https:\/\/smart-vente-reparation.fr\/wp-content\/uploads\/2024\/04\/photo-1.jpg\" \/>\n<meta name=\"twitter:card\" content=\"summary_large_image\" \/>\n<meta name=\"twitter:label1\" content=\"Dur\u00e9e de lecture estim\u00e9e\" \/>\n\t<meta name=\"twitter:data1\" content=\"2 minutes\" \/>\n<script type=\"application\/ld+json\" class=\"yoast-schema-graph\">{\"@context\":\"https:\\\/\\\/schema.org\",\"@graph\":[{\"@type\":\"WebPage\",\"@id\":\"https:\\\/\\\/smart-vente-reparation.fr\\\/\",\"url\":\"https:\\\/\\\/smart-vente-reparation.fr\\\/\",\"name\":\"Garage Sp\u00e9cialiste Smart Achat - Vente R\u00e9parations - Entretien -\",\"isPartOf\":{\"@id\":\"https:\\\/\\\/smart-vente-reparation.fr\\\/#website\"},\"primaryImageOfPage\":{\"@id\":\"https:\\\/\\\/smart-vente-reparation.fr\\\/#primaryimage\"},\"image\":{\"@id\":\"https:\\\/\\\/smart-vente-reparation.fr\\\/#primaryimage\"},\"thumbnailUrl\":\"https:\\\/\\\/smart-vente-reparation.fr\\\/wp-content\\\/uploads\\\/2024\\\/04\\\/photo-1.jpg\",\"datePublished\":\"2024-04-08T09:37:24+00:00\",\"dateModified\":\"2024-04-20T08:11:23+00:00\",\"description\":\"garage smart r\u00e9paration, r\u00e9vision embrayage Marseille Aubagne v\u00e9hicule remorquage \u00e9cran multim\u00e9dia bluetooth - sp\u00e9cialiste, occasions smartfun\",\"breadcrumb\":{\"@id\":\"https:\\\/\\\/smart-vente-reparation.fr\\\/#breadcrumb\"},\"inLanguage\":\"fr-FR\",\"potentialAction\":[{\"@type\":\"ReadAction\",\"target\":[\"https:\\\/\\\/smart-vente-reparation.fr\\\/\"]}]},{\"@type\":\"ImageObject\",\"inLanguage\":\"fr-FR\",\"@id\":\"https:\\\/\\\/smart-vente-reparation.fr\\\/#primaryimage\",\"url\":\"https:\\\/\\\/smart-vente-reparation.fr\\\/wp-content\\\/uploads\\\/2024\\\/04\\\/photo-1.jpg\",\"contentUrl\":\"https:\\\/\\\/smart-vente-reparation.fr\\\/wp-content\\\/uploads\\\/2024\\\/04\\\/photo-1.jpg\",\"width\":464,\"height\":302},{\"@type\":\"BreadcrumbList\",\"@id\":\"https:\\\/\\\/smart-vente-reparation.fr\\\/#breadcrumb\",\"itemListElement\":[{\"@type\":\"ListItem\",\"position\":1,\"name\":\"Accueil\",\"item\":\"https:\\\/\\\/smart-vente-reparation.fr\\\/\"},{\"@type\":\"ListItem\",\"position\":2,\"name\":\"Garage Sp\u00e9cialiste Smart Achat &#8211; Vente R\u00e9parations &#8211; Entretien\"}]},{\"@type\":\"WebSite\",\"@id\":\"https:\\\/\\\/smart-vente-reparation.fr\\\/#website\",\"url\":\"https:\\\/\\\/smart-vente-reparation.fr\\\/\",\"name\":\"smart-vente-reparation.fr\",\"description\":\"SMARTFUN AUTO VOUS PROPOSE TOUT UNE GAMME DE SERVICES POUR VOTRE SMART\",\"publisher\":{\"@id\":\"https:\\\/\\\/smart-vente-reparation.fr\\\/#organization\"},\"potentialAction\":[{\"@type\":\"SearchAction\",\"target\":{\"@type\":\"EntryPoint\",\"urlTemplate\":\"https:\\\/\\\/smart-vente-reparation.fr\\\/?s={search_term_string}\"},\"query-input\":{\"@type\":\"PropertyValueSpecification\",\"valueRequired\":true,\"valueName\":\"search_term_string\"}}],\"inLanguage\":\"fr-FR\"},{\"@type\":\"Organization\",\"@id\":\"https:\\\/\\\/smart-vente-reparation.fr\\\/#organization\",\"name\":\"Smartfun auto\",\"url\":\"https:\\\/\\\/smart-vente-reparation.fr\\\/\",\"logo\":{\"@type\":\"ImageObject\",\"inLanguage\":\"fr-FR\",\"@id\":\"https:\\\/\\\/smart-vente-reparation.fr\\\/#\\\/schema\\\/logo\\\/image\\\/\",\"url\":\"https:\\\/\\\/smart-vente-reparation.fr\\\/wp-content\\\/uploads\\\/2024\\\/04\\\/cropped-logotel.jpg\",\"contentUrl\":\"https:\\\/\\\/smart-vente-reparation.fr\\\/wp-content\\\/uploads\\\/2024\\\/04\\\/cropped-logotel.jpg\",\"width\":549,\"height\":72,\"caption\":\"Smartfun auto\"},\"image\":{\"@id\":\"https:\\\/\\\/smart-vente-reparation.fr\\\/#\\\/schema\\\/logo\\\/image\\\/\"}}]}<\/script>\n<!-- \/ Yoast SEO plugin. -->","yoast_head_json":{"title":"Garage Sp\u00e9cialiste Smart Achat - Vente R\u00e9parations - Entretien -","description":"garage smart r\u00e9paration, r\u00e9vision embrayage Marseille Aubagne v\u00e9hicule remorquage \u00e9cran multim\u00e9dia bluetooth - sp\u00e9cialiste, occasions smartfun","robots":{"index":"index","follow":"follow","max-snippet":"max-snippet:-1","max-image-preview":"max-image-preview:large","max-video-preview":"max-video-preview:-1"},"canonical":"https:\/\/smart-vente-reparation.fr\/","og_locale":"fr_FR","og_type":"article","og_title":"Garage Sp\u00e9cialiste Smart Achat - Vente R\u00e9parations - Entretien -","og_description":"garage smart r\u00e9paration, r\u00e9vision embrayage Marseille Aubagne v\u00e9hicule remorquage \u00e9cran multim\u00e9dia bluetooth - sp\u00e9cialiste, occasions smartfun","og_url":"https:\/\/smart-vente-reparation.fr\/","article_modified_time":"2024-04-20T08:11:23+00:00","og_image":[{"url":"https:\/\/smart-vente-reparation.fr\/wp-content\/uploads\/2024\/04\/photo-1.jpg","type":"","width":"","height":""}],"twitter_card":"summary_large_image","twitter_misc":{"Dur\u00e9e de lecture estim\u00e9e":"2 minutes"},"schema":{"@context":"https:\/\/schema.org","@graph":[{"@type":"WebPage","@id":"https:\/\/smart-vente-reparation.fr\/","url":"https:\/\/smart-vente-reparation.fr\/","name":"Garage Sp\u00e9cialiste Smart Achat - Vente R\u00e9parations - Entretien -","isPartOf":{"@id":"https:\/\/smart-vente-reparation.fr\/#website"},"primaryImageOfPage":{"@id":"https:\/\/smart-vente-reparation.fr\/#primaryimage"},"image":{"@id":"https:\/\/smart-vente-reparation.fr\/#primaryimage"},"thumbnailUrl":"https:\/\/smart-vente-reparation.fr\/wp-content\/uploads\/2024\/04\/photo-1.jpg","datePublished":"2024-04-08T09:37:24+00:00","dateModified":"2024-04-20T08:11:23+00:00","description":"garage smart r\u00e9paration, r\u00e9vision embrayage Marseille Aubagne v\u00e9hicule remorquage \u00e9cran multim\u00e9dia bluetooth - sp\u00e9cialiste, occasions smartfun","breadcrumb":{"@id":"https:\/\/smart-vente-reparation.fr\/#breadcrumb"},"inLanguage":"fr-FR","potentialAction":[{"@type":"ReadAction","target":["https:\/\/smart-vente-reparation.fr\/"]}]},{"@type":"ImageObject","inLanguage":"fr-FR","@id":"https:\/\/smart-vente-reparation.fr\/#primaryimage","url":"https:\/\/smart-vente-reparation.fr\/wp-content\/uploads\/2024\/04\/photo-1.jpg","contentUrl":"https:\/\/smart-vente-reparation.fr\/wp-content\/uploads\/2024\/04\/photo-1.jpg","width":464,"height":302},{"@type":"BreadcrumbList","@id":"https:\/\/smart-vente-reparation.fr\/#breadcrumb","itemListElement":[{"@type":"ListItem","position":1,"name":"Accueil","item":"https:\/\/smart-vente-reparation.fr\/"},{"@type":"ListItem","position":2,"name":"Garage Sp\u00e9cialiste Smart Achat &#8211; Vente R\u00e9parations &#8211; Entretien"}]},{"@type":"WebSite","@id":"https:\/\/smart-vente-reparation.fr\/#website","url":"https:\/\/smart-vente-reparation.fr\/","name":"smart-vente-reparation.fr","description":"SMARTFUN AUTO VOUS PROPOSE TOUT UNE GAMME DE SERVICES POUR VOTRE SMART","publisher":{"@id":"https:\/\/smart-vente-reparation.fr\/#organization"},"potentialAction":[{"@type":"SearchAction","target":{"@type":"EntryPoint","urlTemplate":"https:\/\/smart-vente-reparation.fr\/?s={search_term_string}"},"query-input":{"@type":"PropertyValueSpecification","valueRequired":true,"valueName":"search_term_string"}}],"inLanguage":"fr-FR"},{"@type":"Organization","@id":"https:\/\/smart-vente-reparation.fr\/#organization","name":"Smartfun auto","url":"https:\/\/smart-vente-reparation.fr\/","logo":{"@type":"ImageObject","inLanguage":"fr-FR","@id":"https:\/\/smart-vente-reparation.fr\/#\/schema\/logo\/image\/","url":"https:\/\/smart-vente-reparation.fr\/wp-content\/uploads\/2024\/04\/cropped-logotel.jpg","contentUrl":"https:\/\/smart-vente-reparation.fr\/wp-content\/uploads\/2024\/04\/cropped-logotel.jpg","width":549,"height":72,"caption":"Smartfun auto"},"image":{"@id":"https:\/\/smart-vente-reparation.fr\/#\/schema\/logo\/image\/"}}]}},"_links":{"self":[{"href":"https:\/\/smart-vente-reparation.fr\/index.php\/wp-json\/wp\/v2\/pages\/100","targetHints":{"allow":["GET"]}}],"collection":[{"href":"https:\/\/smart-vente-reparation.fr\/index.php\/wp-json\/wp\/v2\/pages"}],"about":[{"href":"https:\/\/smart-vente-reparation.fr\/index.php\/wp-json\/wp\/v2\/types\/page"}],"author":[{"embeddable":true,"href":"https:\/\/smart-vente-reparation.fr\/index.php\/wp-json\/wp\/v2\/users\/1"}],"replies":[{"embeddable":true,"href":"https:\/\/smart-vente-reparation.fr\/index.php\/wp-json\/wp\/v2\/comments?post=100"}],"version-history":[{"count":43,"href":"https:\/\/smart-vente-reparation.fr\/index.php\/wp-json\/wp\/v2\/pages\/100\/revisions"}],"predecessor-version":[{"id":515,"href":"https:\/\/smart-vente-reparation.fr\/index.php\/wp-json\/wp\/v2\/pages\/100\/revisions\/515"}],"wp:attachment":[{"href":"https:\/\/smart-vente-reparation.fr\/index.php\/wp-json\/wp\/v2\/media?parent=100"}],"curies":[{"name":"wp","href":"https:\/\/api.w.org\/{rel}","templated":true}]}}