{"id":14,"date":"2024-04-07T22:20:17","date_gmt":"2024-04-07T20:20:17","guid":{"rendered":"http:\/\/smart-vente-reparation.fr\/?page_id=14"},"modified":"2024-04-20T11:05:24","modified_gmt":"2024-04-20T09:05:24","slug":"reparation-smart-remorquage-moteur-embrayage","status":"publish","type":"page","link":"https:\/\/smart-vente-reparation.fr\/index.php\/reparation-smart-remorquage-moteur-embrayage\/","title":{"rendered":"R\u00e9parations Smart"},"content":{"rendered":"\n<p class=\"has-text-align-left\"><strong>Recherche de pannes &amp; R\u00e9parations<\/strong><br>Nous intervenons sur toutes les organes de votre smart.<br> N&rsquo;h\u00e9sitez pas \u00e0 nous contacter pour un devis rapide au prix le plus juste.<br><br>Sp\u00e9cialiste Smart, notre garage est expert dans l&rsquo;entretien Smart et la r\u00e9paration des v\u00e9hicules de cette marque . Notre garage situ\u00e9 au 445 Avenue des Templiers 13400 Aubagne pr\u00eat de Marseille est ouvert du lundi au vendredi de 9h00 \u00e0 19h00 ainsi que le samedi, nous sommes joignable le week-end.<\/p>\n\n\n\n<div class=\"wp-block-media-text is-stacked-on-mobile is-vertically-aligned-center\" style=\"grid-template-columns:21% auto\"><figure class=\"wp-block-media-text__media\"><img fetchpriority=\"high\" decoding=\"async\" width=\"546\" height=\"462\" src=\"https:\/\/smart-vente-reparation.fr\/wp-content\/uploads\/2024\/04\/TRAIN-ROULANT.jpg\" alt=\"\" class=\"wp-image-392 size-full\" srcset=\"https:\/\/smart-vente-reparation.fr\/wp-content\/uploads\/2024\/04\/TRAIN-ROULANT.jpg 546w, https:\/\/smart-vente-reparation.fr\/wp-content\/uploads\/2024\/04\/TRAIN-ROULANT-300x254.jpg 300w\" sizes=\"(max-width: 546px) 100vw, 546px\" \/><\/figure><div class=\"wp-block-media-text__content\">\n<p class=\"has-light-green-cyan-color has-text-color has-link-color wp-elements-602c84c3550887875e6f58cbde272d01\"><strong>TRAIN ROULANT :<\/strong><\/p>\n\n\n\n<p>Amortisseurs<br>Triangles<br>Barre stabilisatrice<br>Roulements<br>Biellette de direction<\/p>\n<\/div><\/div>\n\n\n\n<hr class=\"wp-block-separator has-alpha-channel-opacity\"\/>\n\n\n\n<div class=\"wp-block-media-text is-stacked-on-mobile is-vertically-aligned-center\" style=\"grid-template-columns:21% auto\"><figure class=\"wp-block-media-text__media\"><img decoding=\"async\" width=\"956\" height=\"954\" src=\"http:\/\/smart-vente-reparation.fr\/wp-content\/uploads\/2024\/04\/FREINAGE-AV.jpg\" alt=\"\" class=\"wp-image-555 size-full\" srcset=\"https:\/\/smart-vente-reparation.fr\/wp-content\/uploads\/2024\/04\/FREINAGE-AV.jpg 956w, https:\/\/smart-vente-reparation.fr\/wp-content\/uploads\/2024\/04\/FREINAGE-AV-300x300.jpg 300w, https:\/\/smart-vente-reparation.fr\/wp-content\/uploads\/2024\/04\/FREINAGE-AV-150x150.jpg 150w, https:\/\/smart-vente-reparation.fr\/wp-content\/uploads\/2024\/04\/FREINAGE-AV-768x766.jpg 768w\" sizes=\"(max-width: 956px) 100vw, 956px\" \/><\/figure><div class=\"wp-block-media-text__content\">\n<div class=\"wp-block-columns is-layout-flex wp-container-core-columns-is-layout-9d6595d7 wp-block-columns-is-layout-flex\">\n<div class=\"wp-block-column is-layout-flow wp-block-column-is-layout-flow\">\n<p class=\"has-light-green-cyan-color has-text-color has-link-color wp-elements-9f1afaf78207fbc7ab2027fc968cc09d\"><strong>FREINAGE :<\/strong><\/p>\n\n\n\n<p>Disques plaquettes<br>M\u00e2choires<br>Servo-frein<br>Syst\u00e8me ABS<\/p>\n<\/div>\n\n\n\n<div class=\"wp-block-column is-layout-flow wp-block-column-is-layout-flow\"><div class=\"wp-block-image\">\n<figure class=\"alignleft size-full is-resized\"><img decoding=\"async\" width=\"958\" height=\"681\" src=\"http:\/\/smart-vente-reparation.fr\/wp-content\/uploads\/2024\/04\/FREINAGE-AR-1.jpg\" alt=\"\" class=\"wp-image-554\" style=\"width:217px;height:auto\" srcset=\"https:\/\/smart-vente-reparation.fr\/wp-content\/uploads\/2024\/04\/FREINAGE-AR-1.jpg 958w, https:\/\/smart-vente-reparation.fr\/wp-content\/uploads\/2024\/04\/FREINAGE-AR-1-300x213.jpg 300w, https:\/\/smart-vente-reparation.fr\/wp-content\/uploads\/2024\/04\/FREINAGE-AR-1-768x546.jpg 768w\" sizes=\"(max-width: 958px) 100vw, 958px\" \/><\/figure>\n<\/div><\/div>\n<\/div>\n<\/div><\/div>\n\n\n\n<hr class=\"wp-block-separator has-alpha-channel-opacity\"\/>\n\n\n\n<div class=\"wp-block-media-text is-stacked-on-mobile is-vertically-aligned-center\" style=\"grid-template-columns:21% auto\"><figure class=\"wp-block-media-text__media\"><img loading=\"lazy\" decoding=\"async\" width=\"548\" height=\"427\" src=\"https:\/\/smart-vente-reparation.fr\/wp-content\/uploads\/2024\/04\/ELECTRONIQUE.jpg\" alt=\"\" class=\"wp-image-404 size-full\" srcset=\"https:\/\/smart-vente-reparation.fr\/wp-content\/uploads\/2024\/04\/ELECTRONIQUE.jpg 548w, https:\/\/smart-vente-reparation.fr\/wp-content\/uploads\/2024\/04\/ELECTRONIQUE-300x234.jpg 300w\" sizes=\"(max-width: 548px) 100vw, 548px\" \/><\/figure><div class=\"wp-block-media-text__content\">\n<p class=\"has-light-green-cyan-color has-text-color has-link-color wp-elements-bd460b137592b337d0f0c0f98c441c7c\"><strong>\u00c9LECTRONIQUE :<\/strong><\/p>\n\n\n\n<p>Sondes<br>Capteurs<br>Boitiers \u00e9lectroniques<\/p>\n<\/div><\/div>\n\n\n\n<hr class=\"wp-block-separator has-alpha-channel-opacity\"\/>\n\n\n\n<div class=\"wp-block-media-text is-stacked-on-mobile is-vertically-aligned-center\" style=\"grid-template-columns:21% auto\"><figure class=\"wp-block-media-text__media\"><img loading=\"lazy\" decoding=\"async\" width=\"524\" height=\"405\" src=\"https:\/\/smart-vente-reparation.fr\/wp-content\/uploads\/2024\/04\/MOTEUR.jpeg\" alt=\"\" class=\"wp-image-408 size-full\" srcset=\"https:\/\/smart-vente-reparation.fr\/wp-content\/uploads\/2024\/04\/MOTEUR.jpeg 524w, https:\/\/smart-vente-reparation.fr\/wp-content\/uploads\/2024\/04\/MOTEUR-300x232.jpeg 300w\" sizes=\"(max-width: 524px) 100vw, 524px\" \/><\/figure><div class=\"wp-block-media-text__content\">\n<p class=\"has-light-green-cyan-color has-text-color has-link-color wp-elements-4dae821acdc331baa3efcdee38b46d3f\"><strong>MOTEUR :<\/strong><\/p>\n\n\n\n<p>joint de culasse<br>alterno d\u00e9marreur<br>Kit chaine<br>Turbo, ect\u2026<\/p>\n<\/div><\/div>\n\n\n\n<hr class=\"wp-block-separator has-alpha-channel-opacity\"\/>\n\n\n\n<p class=\"has-text-align-center\"><strong>POSSIBILIT<strong>\u00c9<\/strong>S DE REMORQUAGE POUR LES <strong> V\u00c9HICULES IMMOBILIS<strong><strong>\u00c9<\/strong><\/strong>S, <\/strong><\/strong><br><strong>N&rsquo;H\u00c9SITEZ PAS A NOUS CONTACTER<strong> <\/strong>.<\/strong><\/p>\n\n\n\n<figure class=\"wp-block-table is-style-regular has-medium-font-size\" style=\"font-style:normal;font-weight:700;text-transform:uppercase\"><table class=\"has-black-color has-text-color has-background has-link-color\" style=\"background-color:#98ded0\"><tbody><tr><td class=\"has-text-align-center\" data-align=\"center\"><strong>+ infos<\/strong><\/td><\/tr><tr><td class=\"has-text-align-center\" data-align=\"center\">Rendez-vous<br>Garage SmartFun Auto <br><a href=\"https:\/\/www.google.fr\/maps\/dir\/\/445+Av.+des+Templiers,+13400+Aubagne\/@43.3154702,5.4997583,12z\/data=!4m8!4m7!1m0!1m5!1m1!1s0x12c9a3220f3b4e55:0xd85374c468d16ff4!2m2!1d5.582159!2d43.3154998?entry=ttu\">(voir l&rsquo;itin\u00e9raire)<\/a><br>ou<br>Contactez-nous<br><a href=\"tel:+33608351795\">06 08 35 17 95<\/a><br> <img loading=\"lazy\" decoding=\"async\" width=\"299\" height=\"46\" class=\"wp-image-246\" src=\"http:\/\/smart-vente-reparation.fr\/wp-content\/uploads\/2024\/04\/outil2.jpg\" alt=\"\"><\/td><\/tr><\/tbody><\/table><\/figure>\n\n\n\n<div class=\"wp-block-columns is-layout-flex wp-container-core-columns-is-layout-9d6595d7 wp-block-columns-is-layout-flex\">\n<div class=\"wp-block-column is-layout-flow wp-block-column-is-layout-flow\">\n<figure class=\"wp-block-image size-full is-resized\"><img loading=\"lazy\" decoding=\"async\" width=\"958\" height=\"681\" src=\"http:\/\/smart-vente-reparation.fr\/wp-content\/uploads\/2024\/04\/FREINAGE-AR-1.jpg\" alt=\"\" class=\"wp-image-554\" style=\"width:190px;height:auto\" srcset=\"https:\/\/smart-vente-reparation.fr\/wp-content\/uploads\/2024\/04\/FREINAGE-AR-1.jpg 958w, https:\/\/smart-vente-reparation.fr\/wp-content\/uploads\/2024\/04\/FREINAGE-AR-1-300x213.jpg 300w, https:\/\/smart-vente-reparation.fr\/wp-content\/uploads\/2024\/04\/FREINAGE-AR-1-768x546.jpg 768w\" sizes=\"(max-width: 958px) 100vw, 958px\" \/><\/figure>\n\n\n\n<figure class=\"wp-block-image size-full is-resized\"><img loading=\"lazy\" decoding=\"async\" width=\"956\" height=\"954\" src=\"http:\/\/smart-vente-reparation.fr\/wp-content\/uploads\/2024\/04\/FREINAGE-AV.jpg\" alt=\"\" class=\"wp-image-555\" style=\"width:153px;height:auto\" srcset=\"https:\/\/smart-vente-reparation.fr\/wp-content\/uploads\/2024\/04\/FREINAGE-AV.jpg 956w, https:\/\/smart-vente-reparation.fr\/wp-content\/uploads\/2024\/04\/FREINAGE-AV-300x300.jpg 300w, https:\/\/smart-vente-reparation.fr\/wp-content\/uploads\/2024\/04\/FREINAGE-AV-150x150.jpg 150w, https:\/\/smart-vente-reparation.fr\/wp-content\/uploads\/2024\/04\/FREINAGE-AV-768x766.jpg 768w\" sizes=\"(max-width: 956px) 100vw, 956px\" \/><\/figure>\n<\/div>\n\n\n\n<div class=\"wp-block-column is-layout-flow wp-block-column-is-layout-flow\">\n<p class=\"has-light-green-cyan-color has-text-color has-link-color wp-elements-184bef3854298deff634421b05cfb04c\"><\/p>\n<\/div>\n<\/div>\n","protected":false},"excerpt":{"rendered":"<p>Recherche de pannes &amp; R\u00e9parationsNous intervenons sur toutes les organes de votre smart. N&rsquo;h\u00e9sitez pas \u00e0 nous contacter pour un devis rapide au prix le plus juste. Sp\u00e9cialiste Smart, notre garage est expert dans l&rsquo;entretien Smart et la r\u00e9paration des v\u00e9hicules de cette marque . Notre garage situ\u00e9 au 445 Avenue des Templiers 13400 Aubagne [&hellip;]<\/p>\n","protected":false},"author":1,"featured_media":0,"parent":0,"menu_order":3,"comment_status":"closed","ping_status":"closed","template":"","meta":{"footnotes":""},"class_list":["post-14","page","type-page","status-publish","hentry"],"yoast_head":"<!-- This site is optimized with the Yoast SEO plugin v27.4 - https:\/\/yoast.com\/product\/yoast-seo-wordpress\/ -->\n<title>R\u00e9parations Smart -<\/title>\n<meta name=\"description\" content=\"garage smart r\u00e9paration, r\u00e9vision ambrayage Marseille Aubagne v\u00e9hicule remorquage \u00e9cran multim\u00e9dia blustooth sp\u00e9cialiste chargeur panne moteur\" \/>\n<meta name=\"robots\" content=\"index, follow, max-snippet:-1, max-image-preview:large, max-video-preview:-1\" \/>\n<link rel=\"canonical\" href=\"https:\/\/smart-vente-reparation.fr\/index.php\/reparation-smart-remorquage-moteur-embrayage\/\" \/>\n<meta property=\"og:locale\" content=\"fr_FR\" \/>\n<meta property=\"og:type\" content=\"article\" \/>\n<meta property=\"og:title\" content=\"R\u00e9parations Smart -\" \/>\n<meta property=\"og:description\" content=\"garage smart r\u00e9paration, r\u00e9vision ambrayage Marseille Aubagne v\u00e9hicule remorquage \u00e9cran multim\u00e9dia blustooth sp\u00e9cialiste chargeur panne moteur\" \/>\n<meta property=\"og:url\" content=\"https:\/\/smart-vente-reparation.fr\/index.php\/reparation-smart-remorquage-moteur-embrayage\/\" \/>\n<meta property=\"article:modified_time\" content=\"2024-04-20T09:05:24+00:00\" \/>\n<meta property=\"og:image\" content=\"https:\/\/smart-vente-reparation.fr\/wp-content\/uploads\/2024\/04\/TRAIN-ROULANT.jpg\" \/>\n<meta name=\"twitter:card\" content=\"summary_large_image\" \/>\n<meta name=\"twitter:label1\" content=\"Dur\u00e9e de lecture estim\u00e9e\" \/>\n\t<meta name=\"twitter:data1\" content=\"3 minutes\" \/>\n<script type=\"application\/ld+json\" class=\"yoast-schema-graph\">{\"@context\":\"https:\\\/\\\/schema.org\",\"@graph\":[{\"@type\":\"WebPage\",\"@id\":\"https:\\\/\\\/smart-vente-reparation.fr\\\/index.php\\\/reparation-smart-remorquage-moteur-embrayage\\\/\",\"url\":\"https:\\\/\\\/smart-vente-reparation.fr\\\/index.php\\\/reparation-smart-remorquage-moteur-embrayage\\\/\",\"name\":\"R\u00e9parations Smart -\",\"isPartOf\":{\"@id\":\"https:\\\/\\\/smart-vente-reparation.fr\\\/#website\"},\"primaryImageOfPage\":{\"@id\":\"https:\\\/\\\/smart-vente-reparation.fr\\\/index.php\\\/reparation-smart-remorquage-moteur-embrayage\\\/#primaryimage\"},\"image\":{\"@id\":\"https:\\\/\\\/smart-vente-reparation.fr\\\/index.php\\\/reparation-smart-remorquage-moteur-embrayage\\\/#primaryimage\"},\"thumbnailUrl\":\"https:\\\/\\\/smart-vente-reparation.fr\\\/wp-content\\\/uploads\\\/2024\\\/04\\\/TRAIN-ROULANT.jpg\",\"datePublished\":\"2024-04-07T20:20:17+00:00\",\"dateModified\":\"2024-04-20T09:05:24+00:00\",\"description\":\"garage smart r\u00e9paration, r\u00e9vision ambrayage Marseille Aubagne v\u00e9hicule remorquage \u00e9cran multim\u00e9dia blustooth sp\u00e9cialiste chargeur panne moteur\",\"breadcrumb\":{\"@id\":\"https:\\\/\\\/smart-vente-reparation.fr\\\/index.php\\\/reparation-smart-remorquage-moteur-embrayage\\\/#breadcrumb\"},\"inLanguage\":\"fr-FR\",\"potentialAction\":[{\"@type\":\"ReadAction\",\"target\":[\"https:\\\/\\\/smart-vente-reparation.fr\\\/index.php\\\/reparation-smart-remorquage-moteur-embrayage\\\/\"]}]},{\"@type\":\"ImageObject\",\"inLanguage\":\"fr-FR\",\"@id\":\"https:\\\/\\\/smart-vente-reparation.fr\\\/index.php\\\/reparation-smart-remorquage-moteur-embrayage\\\/#primaryimage\",\"url\":\"https:\\\/\\\/smart-vente-reparation.fr\\\/wp-content\\\/uploads\\\/2024\\\/04\\\/TRAIN-ROULANT.jpg\",\"contentUrl\":\"https:\\\/\\\/smart-vente-reparation.fr\\\/wp-content\\\/uploads\\\/2024\\\/04\\\/TRAIN-ROULANT.jpg\",\"width\":546,\"height\":462,\"caption\":\"Screenshot\"},{\"@type\":\"BreadcrumbList\",\"@id\":\"https:\\\/\\\/smart-vente-reparation.fr\\\/index.php\\\/reparation-smart-remorquage-moteur-embrayage\\\/#breadcrumb\",\"itemListElement\":[{\"@type\":\"ListItem\",\"position\":1,\"name\":\"Accueil\",\"item\":\"https:\\\/\\\/smart-vente-reparation.fr\\\/\"},{\"@type\":\"ListItem\",\"position\":2,\"name\":\"R\u00e9parations Smart\"}]},{\"@type\":\"WebSite\",\"@id\":\"https:\\\/\\\/smart-vente-reparation.fr\\\/#website\",\"url\":\"https:\\\/\\\/smart-vente-reparation.fr\\\/\",\"name\":\"smart-vente-reparation.fr\",\"description\":\"SMARTFUN AUTO VOUS PROPOSE TOUT UNE GAMME DE SERVICES POUR VOTRE SMART\",\"publisher\":{\"@id\":\"https:\\\/\\\/smart-vente-reparation.fr\\\/#organization\"},\"potentialAction\":[{\"@type\":\"SearchAction\",\"target\":{\"@type\":\"EntryPoint\",\"urlTemplate\":\"https:\\\/\\\/smart-vente-reparation.fr\\\/?s={search_term_string}\"},\"query-input\":{\"@type\":\"PropertyValueSpecification\",\"valueRequired\":true,\"valueName\":\"search_term_string\"}}],\"inLanguage\":\"fr-FR\"},{\"@type\":\"Organization\",\"@id\":\"https:\\\/\\\/smart-vente-reparation.fr\\\/#organization\",\"name\":\"Smartfun auto\",\"url\":\"https:\\\/\\\/smart-vente-reparation.fr\\\/\",\"logo\":{\"@type\":\"ImageObject\",\"inLanguage\":\"fr-FR\",\"@id\":\"https:\\\/\\\/smart-vente-reparation.fr\\\/#\\\/schema\\\/logo\\\/image\\\/\",\"url\":\"https:\\\/\\\/smart-vente-reparation.fr\\\/wp-content\\\/uploads\\\/2024\\\/04\\\/cropped-logotel.jpg\",\"contentUrl\":\"https:\\\/\\\/smart-vente-reparation.fr\\\/wp-content\\\/uploads\\\/2024\\\/04\\\/cropped-logotel.jpg\",\"width\":549,\"height\":72,\"caption\":\"Smartfun auto\"},\"image\":{\"@id\":\"https:\\\/\\\/smart-vente-reparation.fr\\\/#\\\/schema\\\/logo\\\/image\\\/\"}}]}<\/script>\n<!-- \/ Yoast SEO plugin. -->","yoast_head_json":{"title":"R\u00e9parations Smart -","description":"garage smart r\u00e9paration, r\u00e9vision ambrayage Marseille Aubagne v\u00e9hicule remorquage \u00e9cran multim\u00e9dia blustooth sp\u00e9cialiste chargeur panne moteur","robots":{"index":"index","follow":"follow","max-snippet":"max-snippet:-1","max-image-preview":"max-image-preview:large","max-video-preview":"max-video-preview:-1"},"canonical":"https:\/\/smart-vente-reparation.fr\/index.php\/reparation-smart-remorquage-moteur-embrayage\/","og_locale":"fr_FR","og_type":"article","og_title":"R\u00e9parations Smart -","og_description":"garage smart r\u00e9paration, r\u00e9vision ambrayage Marseille Aubagne v\u00e9hicule remorquage \u00e9cran multim\u00e9dia blustooth sp\u00e9cialiste chargeur panne moteur","og_url":"https:\/\/smart-vente-reparation.fr\/index.php\/reparation-smart-remorquage-moteur-embrayage\/","article_modified_time":"2024-04-20T09:05:24+00:00","og_image":[{"url":"https:\/\/smart-vente-reparation.fr\/wp-content\/uploads\/2024\/04\/TRAIN-ROULANT.jpg","type":"","width":"","height":""}],"twitter_card":"summary_large_image","twitter_misc":{"Dur\u00e9e de lecture estim\u00e9e":"3 minutes"},"schema":{"@context":"https:\/\/schema.org","@graph":[{"@type":"WebPage","@id":"https:\/\/smart-vente-reparation.fr\/index.php\/reparation-smart-remorquage-moteur-embrayage\/","url":"https:\/\/smart-vente-reparation.fr\/index.php\/reparation-smart-remorquage-moteur-embrayage\/","name":"R\u00e9parations Smart -","isPartOf":{"@id":"https:\/\/smart-vente-reparation.fr\/#website"},"primaryImageOfPage":{"@id":"https:\/\/smart-vente-reparation.fr\/index.php\/reparation-smart-remorquage-moteur-embrayage\/#primaryimage"},"image":{"@id":"https:\/\/smart-vente-reparation.fr\/index.php\/reparation-smart-remorquage-moteur-embrayage\/#primaryimage"},"thumbnailUrl":"https:\/\/smart-vente-reparation.fr\/wp-content\/uploads\/2024\/04\/TRAIN-ROULANT.jpg","datePublished":"2024-04-07T20:20:17+00:00","dateModified":"2024-04-20T09:05:24+00:00","description":"garage smart r\u00e9paration, r\u00e9vision ambrayage Marseille Aubagne v\u00e9hicule remorquage \u00e9cran multim\u00e9dia blustooth sp\u00e9cialiste chargeur panne moteur","breadcrumb":{"@id":"https:\/\/smart-vente-reparation.fr\/index.php\/reparation-smart-remorquage-moteur-embrayage\/#breadcrumb"},"inLanguage":"fr-FR","potentialAction":[{"@type":"ReadAction","target":["https:\/\/smart-vente-reparation.fr\/index.php\/reparation-smart-remorquage-moteur-embrayage\/"]}]},{"@type":"ImageObject","inLanguage":"fr-FR","@id":"https:\/\/smart-vente-reparation.fr\/index.php\/reparation-smart-remorquage-moteur-embrayage\/#primaryimage","url":"https:\/\/smart-vente-reparation.fr\/wp-content\/uploads\/2024\/04\/TRAIN-ROULANT.jpg","contentUrl":"https:\/\/smart-vente-reparation.fr\/wp-content\/uploads\/2024\/04\/TRAIN-ROULANT.jpg","width":546,"height":462,"caption":"Screenshot"},{"@type":"BreadcrumbList","@id":"https:\/\/smart-vente-reparation.fr\/index.php\/reparation-smart-remorquage-moteur-embrayage\/#breadcrumb","itemListElement":[{"@type":"ListItem","position":1,"name":"Accueil","item":"https:\/\/smart-vente-reparation.fr\/"},{"@type":"ListItem","position":2,"name":"R\u00e9parations Smart"}]},{"@type":"WebSite","@id":"https:\/\/smart-vente-reparation.fr\/#website","url":"https:\/\/smart-vente-reparation.fr\/","name":"smart-vente-reparation.fr","description":"SMARTFUN AUTO VOUS PROPOSE TOUT UNE GAMME DE SERVICES POUR VOTRE SMART","publisher":{"@id":"https:\/\/smart-vente-reparation.fr\/#organization"},"potentialAction":[{"@type":"SearchAction","target":{"@type":"EntryPoint","urlTemplate":"https:\/\/smart-vente-reparation.fr\/?s={search_term_string}"},"query-input":{"@type":"PropertyValueSpecification","valueRequired":true,"valueName":"search_term_string"}}],"inLanguage":"fr-FR"},{"@type":"Organization","@id":"https:\/\/smart-vente-reparation.fr\/#organization","name":"Smartfun auto","url":"https:\/\/smart-vente-reparation.fr\/","logo":{"@type":"ImageObject","inLanguage":"fr-FR","@id":"https:\/\/smart-vente-reparation.fr\/#\/schema\/logo\/image\/","url":"https:\/\/smart-vente-reparation.fr\/wp-content\/uploads\/2024\/04\/cropped-logotel.jpg","contentUrl":"https:\/\/smart-vente-reparation.fr\/wp-content\/uploads\/2024\/04\/cropped-logotel.jpg","width":549,"height":72,"caption":"Smartfun auto"},"image":{"@id":"https:\/\/smart-vente-reparation.fr\/#\/schema\/logo\/image\/"}}]}},"_links":{"self":[{"href":"https:\/\/smart-vente-reparation.fr\/index.php\/wp-json\/wp\/v2\/pages\/14","targetHints":{"allow":["GET"]}}],"collection":[{"href":"https:\/\/smart-vente-reparation.fr\/index.php\/wp-json\/wp\/v2\/pages"}],"about":[{"href":"https:\/\/smart-vente-reparation.fr\/index.php\/wp-json\/wp\/v2\/types\/page"}],"author":[{"embeddable":true,"href":"https:\/\/smart-vente-reparation.fr\/index.php\/wp-json\/wp\/v2\/users\/1"}],"replies":[{"embeddable":true,"href":"https:\/\/smart-vente-reparation.fr\/index.php\/wp-json\/wp\/v2\/comments?post=14"}],"version-history":[{"count":36,"href":"https:\/\/smart-vente-reparation.fr\/index.php\/wp-json\/wp\/v2\/pages\/14\/revisions"}],"predecessor-version":[{"id":564,"href":"https:\/\/smart-vente-reparation.fr\/index.php\/wp-json\/wp\/v2\/pages\/14\/revisions\/564"}],"wp:attachment":[{"href":"https:\/\/smart-vente-reparation.fr\/index.php\/wp-json\/wp\/v2\/media?parent=14"}],"curies":[{"name":"wp","href":"https:\/\/api.w.org\/{rel}","templated":true}]}}