{"id":16,"date":"2024-04-07T22:27:14","date_gmt":"2024-04-07T20:27:14","guid":{"rendered":"http:\/\/smart-vente-reparation.fr\/?page_id=16"},"modified":"2024-04-20T10:24:17","modified_gmt":"2024-04-20T08:24:17","slug":"ameliorations","status":"publish","type":"page","link":"https:\/\/smart-vente-reparation.fr\/index.php\/ameliorations\/","title":{"rendered":"Am\u00e9liorations"},"content":{"rendered":"\n<p>Nous vous proposons un \u00e9cran multim\u00e9dia qui s&rsquo;int\u00e8gre parfaitement en lieu et place de votre autoradio d&rsquo;origine. Et nous lui associons une cam\u00e9ra de recul.<\/p>\n\n\n\n<div class=\"wp-block-columns is-layout-flex wp-container-core-columns-is-layout-9d6595d7 wp-block-columns-is-layout-flex\">\n<div class=\"wp-block-column is-layout-flow wp-block-column-is-layout-flow\">\n<div class=\"wp-block-media-text has-media-on-the-right is-stacked-on-mobile is-vertically-aligned-center\"><div class=\"wp-block-media-text__content\">\n<p class=\"has-text-align-center\">AUTORADIO 2007.2010<\/p>\n<\/div><figure class=\"wp-block-media-text__media\"><img fetchpriority=\"high\" decoding=\"async\" width=\"484\" height=\"314\" src=\"http:\/\/smart-vente-reparation.fr\/wp-content\/uploads\/2024\/04\/POSTE-2007.2010.jpg\" alt=\"\" class=\"wp-image-419 size-full\" srcset=\"https:\/\/smart-vente-reparation.fr\/wp-content\/uploads\/2024\/04\/POSTE-2007.2010.jpg 484w, https:\/\/smart-vente-reparation.fr\/wp-content\/uploads\/2024\/04\/POSTE-2007.2010-300x195.jpg 300w\" sizes=\"(max-width: 484px) 100vw, 484px\" \/><\/figure><\/div>\n<\/div>\n\n\n\n<div class=\"wp-block-column is-layout-flow wp-block-column-is-layout-flow\">\n<div class=\"wp-block-media-text is-stacked-on-mobile\" style=\"grid-template-columns:52% auto\"><figure class=\"wp-block-media-text__media\"><img decoding=\"async\" width=\"1024\" height=\"646\" src=\"https:\/\/smart-vente-reparation.fr\/wp-content\/uploads\/2024\/04\/ECRAN-2007.2010-1-1024x646.jpg\" alt=\"\" class=\"wp-image-428 size-full\" srcset=\"https:\/\/smart-vente-reparation.fr\/wp-content\/uploads\/2024\/04\/ECRAN-2007.2010-1-1024x646.jpg 1024w, https:\/\/smart-vente-reparation.fr\/wp-content\/uploads\/2024\/04\/ECRAN-2007.2010-1-300x189.jpg 300w, https:\/\/smart-vente-reparation.fr\/wp-content\/uploads\/2024\/04\/ECRAN-2007.2010-1-768x484.jpg 768w, https:\/\/smart-vente-reparation.fr\/wp-content\/uploads\/2024\/04\/ECRAN-2007.2010-1.jpg 1516w\" sizes=\"(max-width: 1024px) 100vw, 1024px\" \/><\/figure><div class=\"wp-block-media-text__content\">\n<p>249\u20ac (pose comprise)<\/p>\n<\/div><\/div>\n<\/div>\n<\/div>\n\n\n\n<div class=\"wp-block-columns is-layout-flex wp-container-core-columns-is-layout-9d6595d7 wp-block-columns-is-layout-flex\">\n<div class=\"wp-block-column is-layout-flow wp-block-column-is-layout-flow\">\n<div class=\"wp-block-media-text has-media-on-the-right is-stacked-on-mobile is-vertically-aligned-center\" style=\"grid-template-columns:auto 51%\"><div class=\"wp-block-media-text__content\">\n<p class=\"has-text-align-center\">AUTORADIO 2010.2014<\/p>\n<\/div><figure class=\"wp-block-media-text__media\"><img decoding=\"async\" width=\"653\" height=\"403\" src=\"https:\/\/smart-vente-reparation.fr\/wp-content\/uploads\/2024\/04\/POSTE-2010.2014-1.jpg\" alt=\"\" class=\"wp-image-429 size-full\" srcset=\"https:\/\/smart-vente-reparation.fr\/wp-content\/uploads\/2024\/04\/POSTE-2010.2014-1.jpg 653w, https:\/\/smart-vente-reparation.fr\/wp-content\/uploads\/2024\/04\/POSTE-2010.2014-1-300x185.jpg 300w\" sizes=\"(max-width: 653px) 100vw, 653px\" \/><\/figure><\/div>\n<\/div>\n\n\n\n<div class=\"wp-block-column is-layout-flow wp-block-column-is-layout-flow\">\n<div class=\"wp-block-media-text is-stacked-on-mobile\" style=\"grid-template-columns:51% auto\"><figure class=\"wp-block-media-text__media\"><img loading=\"lazy\" decoding=\"async\" width=\"1024\" height=\"646\" src=\"https:\/\/smart-vente-reparation.fr\/wp-content\/uploads\/2024\/04\/ECRAN-2010.2014-1024x646.jpg\" alt=\"\" class=\"wp-image-425 size-full\" srcset=\"https:\/\/smart-vente-reparation.fr\/wp-content\/uploads\/2024\/04\/ECRAN-2010.2014-1024x646.jpg 1024w, https:\/\/smart-vente-reparation.fr\/wp-content\/uploads\/2024\/04\/ECRAN-2010.2014-300x189.jpg 300w, https:\/\/smart-vente-reparation.fr\/wp-content\/uploads\/2024\/04\/ECRAN-2010.2014-768x484.jpg 768w, https:\/\/smart-vente-reparation.fr\/wp-content\/uploads\/2024\/04\/ECRAN-2010.2014.jpg 1516w\" sizes=\"(max-width: 1024px) 100vw, 1024px\" \/><\/figure><div class=\"wp-block-media-text__content\">\n<p>249\u20ac (pose comprise)<\/p>\n<\/div><\/div>\n<\/div>\n<\/div>\n\n\n\n<div class=\"wp-block-columns is-layout-flex wp-container-core-columns-is-layout-9d6595d7 wp-block-columns-is-layout-flex\">\n<div class=\"wp-block-column is-layout-flow wp-block-column-is-layout-flow\">\n<div class=\"wp-block-media-text has-media-on-the-right is-stacked-on-mobile is-vertically-aligned-center\"><div class=\"wp-block-media-text__content\">\n<p class=\"has-text-align-center\">AUTORADIO 2014.2019<\/p>\n<\/div><figure class=\"wp-block-media-text__media\"><img loading=\"lazy\" decoding=\"async\" width=\"960\" height=\"654\" src=\"https:\/\/smart-vente-reparation.fr\/wp-content\/uploads\/2024\/04\/POSTE-2014.2020-1.jpg\" alt=\"\" class=\"wp-image-436 size-full\" srcset=\"https:\/\/smart-vente-reparation.fr\/wp-content\/uploads\/2024\/04\/POSTE-2014.2020-1.jpg 960w, https:\/\/smart-vente-reparation.fr\/wp-content\/uploads\/2024\/04\/POSTE-2014.2020-1-300x204.jpg 300w, https:\/\/smart-vente-reparation.fr\/wp-content\/uploads\/2024\/04\/POSTE-2014.2020-1-768x523.jpg 768w\" sizes=\"(max-width: 960px) 100vw, 960px\" \/><\/figure><\/div>\n<\/div>\n\n\n\n<div class=\"wp-block-column is-layout-flow wp-block-column-is-layout-flow\">\n<div class=\"wp-block-media-text is-stacked-on-mobile\" style=\"grid-template-columns:48% auto\"><figure class=\"wp-block-media-text__media\"><img loading=\"lazy\" decoding=\"async\" width=\"711\" height=\"504\" src=\"https:\/\/smart-vente-reparation.fr\/wp-content\/uploads\/2024\/04\/image00004.jpeg\" alt=\"\" class=\"wp-image-433 size-full\" srcset=\"https:\/\/smart-vente-reparation.fr\/wp-content\/uploads\/2024\/04\/image00004.jpeg 711w, https:\/\/smart-vente-reparation.fr\/wp-content\/uploads\/2024\/04\/image00004-300x213.jpeg 300w\" sizes=\"(max-width: 711px) 100vw, 711px\" \/><\/figure><div class=\"wp-block-media-text__content\">\n<p>289\u20ac (pose comprise)<\/p>\n<\/div><\/div>\n<\/div>\n<\/div>\n\n\n<div class=\"wp-block-image\">\n<figure class=\"aligncenter size-large is-resized\"><img loading=\"lazy\" decoding=\"async\" width=\"1024\" height=\"909\" src=\"https:\/\/smart-vente-reparation.fr\/wp-content\/uploads\/2024\/04\/ECRAN-CAMERA-RECUL-1024x909.jpg\" alt=\"\" class=\"wp-image-438\" style=\"width:225px;height:auto\" srcset=\"https:\/\/smart-vente-reparation.fr\/wp-content\/uploads\/2024\/04\/ECRAN-CAMERA-RECUL-1024x909.jpg 1024w, https:\/\/smart-vente-reparation.fr\/wp-content\/uploads\/2024\/04\/ECRAN-CAMERA-RECUL-300x266.jpg 300w, https:\/\/smart-vente-reparation.fr\/wp-content\/uploads\/2024\/04\/ECRAN-CAMERA-RECUL-768x682.jpg 768w, https:\/\/smart-vente-reparation.fr\/wp-content\/uploads\/2024\/04\/ECRAN-CAMERA-RECUL-1536x1364.jpg 1536w, https:\/\/smart-vente-reparation.fr\/wp-content\/uploads\/2024\/04\/ECRAN-CAMERA-RECUL.jpg 1876w\" sizes=\"(max-width: 1024px) 100vw, 1024px\" \/><\/figure>\n<\/div>\n\n\n<hr class=\"wp-block-separator has-alpha-channel-opacity\"\/>\n\n\n\n<p class=\"has-text-align-center\"><strong>CE TARIF COMPREND L&rsquo;INSTALLATION QUI PRENDS 1 HEURE <br>SUR RENDEZ-VOUS AVEC PR\u00caT DE V\u00c9HICULE<\/strong><\/p>\n\n\n\n<figure class=\"wp-block-table is-style-regular has-medium-font-size\" style=\"font-style:normal;font-weight:700;text-transform:uppercase\"><table class=\"has-black-color has-text-color has-background has-link-color\" style=\"background-color:#98ded0\"><tbody><tr><td class=\"has-text-align-center\" data-align=\"center\"><strong>+ infos<\/strong><\/td><\/tr><tr><td class=\"has-text-align-center\" data-align=\"center\">Rendez-vous<br>Garage SmartFun Auto <br><a href=\"https:\/\/www.google.fr\/maps\/dir\/\/445+Av.+des+Templiers,+13400+Aubagne\/@43.3154702,5.4997583,12z\/data=!4m8!4m7!1m0!1m5!1m1!1s0x12c9a3220f3b4e55:0xd85374c468d16ff4!2m2!1d5.582159!2d43.3154998?entry=ttu\">(voir l&rsquo;itin\u00e9raire)<\/a><br>ou<br>Contactez-nous<br><a href=\"tel:+33608351795\">06 08 35 17 95<\/a><br> <img loading=\"lazy\" decoding=\"async\" width=\"299\" height=\"46\" class=\"wp-image-246\" src=\"http:\/\/smart-vente-reparation.fr\/wp-content\/uploads\/2024\/04\/outil2.jpg\" alt=\"\"><\/td><\/tr><\/tbody><\/table><\/figure>\n","protected":false},"excerpt":{"rendered":"<p>Nous vous proposons un \u00e9cran multim\u00e9dia qui s&rsquo;int\u00e8gre parfaitement en lieu et place de votre autoradio d&rsquo;origine. Et nous lui associons une cam\u00e9ra de recul. AUTORADIO 2007.2010 249\u20ac (pose comprise) AUTORADIO 2010.2014 249\u20ac (pose comprise) AUTORADIO 2014.2019 289\u20ac (pose comprise) CE TARIF COMPREND L&rsquo;INSTALLATION QUI PRENDS 1 HEURE SUR RENDEZ-VOUS AVEC PR\u00caT DE V\u00c9HICULE + [&hellip;]<\/p>\n","protected":false},"author":1,"featured_media":0,"parent":0,"menu_order":5,"comment_status":"closed","ping_status":"closed","template":"","meta":{"footnotes":""},"class_list":["post-16","page","type-page","status-publish","hentry"],"yoast_head":"<!-- This site is optimized with the Yoast SEO plugin v27.4 - https:\/\/yoast.com\/product\/yoast-seo-wordpress\/ -->\n<title>Am\u00e9liorations -<\/title>\n<meta name=\"robots\" content=\"index, follow, max-snippet:-1, max-image-preview:large, max-video-preview:-1\" \/>\n<link rel=\"canonical\" href=\"https:\/\/smart-vente-reparation.fr\/index.php\/ameliorations\/\" \/>\n<meta property=\"og:locale\" content=\"fr_FR\" \/>\n<meta property=\"og:type\" content=\"article\" \/>\n<meta property=\"og:title\" content=\"Am\u00e9liorations -\" \/>\n<meta property=\"og:description\" content=\"Nous vous proposons un \u00e9cran multim\u00e9dia qui s&rsquo;int\u00e8gre parfaitement en lieu et place de votre autoradio d&rsquo;origine. Et nous lui associons une cam\u00e9ra de recul. AUTORADIO 2007.2010 249\u20ac (pose comprise) AUTORADIO 2010.2014 249\u20ac (pose comprise) AUTORADIO 2014.2019 289\u20ac (pose comprise) CE TARIF COMPREND L&rsquo;INSTALLATION QUI PRENDS 1 HEURE SUR RENDEZ-VOUS AVEC PR\u00caT DE V\u00c9HICULE + [&hellip;]\" \/>\n<meta property=\"og:url\" content=\"https:\/\/smart-vente-reparation.fr\/index.php\/ameliorations\/\" \/>\n<meta property=\"article:modified_time\" content=\"2024-04-20T08:24:17+00:00\" \/>\n<meta property=\"og:image\" content=\"http:\/\/smart-vente-reparation.fr\/wp-content\/uploads\/2024\/04\/POSTE-2007.2010.jpg\" \/>\n<meta name=\"twitter:card\" content=\"summary_large_image\" \/>\n<meta name=\"twitter:label1\" content=\"Dur\u00e9e de lecture estim\u00e9e\" \/>\n\t<meta name=\"twitter:data1\" content=\"2 minutes\" \/>\n<script type=\"application\/ld+json\" class=\"yoast-schema-graph\">{\"@context\":\"https:\\\/\\\/schema.org\",\"@graph\":[{\"@type\":\"WebPage\",\"@id\":\"https:\\\/\\\/smart-vente-reparation.fr\\\/index.php\\\/ameliorations\\\/\",\"url\":\"https:\\\/\\\/smart-vente-reparation.fr\\\/index.php\\\/ameliorations\\\/\",\"name\":\"Am\u00e9liorations -\",\"isPartOf\":{\"@id\":\"https:\\\/\\\/smart-vente-reparation.fr\\\/#website\"},\"primaryImageOfPage\":{\"@id\":\"https:\\\/\\\/smart-vente-reparation.fr\\\/index.php\\\/ameliorations\\\/#primaryimage\"},\"image\":{\"@id\":\"https:\\\/\\\/smart-vente-reparation.fr\\\/index.php\\\/ameliorations\\\/#primaryimage\"},\"thumbnailUrl\":\"http:\\\/\\\/smart-vente-reparation.fr\\\/wp-content\\\/uploads\\\/2024\\\/04\\\/POSTE-2007.2010.jpg\",\"datePublished\":\"2024-04-07T20:27:14+00:00\",\"dateModified\":\"2024-04-20T08:24:17+00:00\",\"breadcrumb\":{\"@id\":\"https:\\\/\\\/smart-vente-reparation.fr\\\/index.php\\\/ameliorations\\\/#breadcrumb\"},\"inLanguage\":\"fr-FR\",\"potentialAction\":[{\"@type\":\"ReadAction\",\"target\":[\"https:\\\/\\\/smart-vente-reparation.fr\\\/index.php\\\/ameliorations\\\/\"]}]},{\"@type\":\"ImageObject\",\"inLanguage\":\"fr-FR\",\"@id\":\"https:\\\/\\\/smart-vente-reparation.fr\\\/index.php\\\/ameliorations\\\/#primaryimage\",\"url\":\"https:\\\/\\\/smart-vente-reparation.fr\\\/wp-content\\\/uploads\\\/2024\\\/04\\\/POSTE-2007.2010.jpg\",\"contentUrl\":\"https:\\\/\\\/smart-vente-reparation.fr\\\/wp-content\\\/uploads\\\/2024\\\/04\\\/POSTE-2007.2010.jpg\",\"width\":484,\"height\":314,\"caption\":\"Screenshot\"},{\"@type\":\"BreadcrumbList\",\"@id\":\"https:\\\/\\\/smart-vente-reparation.fr\\\/index.php\\\/ameliorations\\\/#breadcrumb\",\"itemListElement\":[{\"@type\":\"ListItem\",\"position\":1,\"name\":\"Accueil\",\"item\":\"https:\\\/\\\/smart-vente-reparation.fr\\\/\"},{\"@type\":\"ListItem\",\"position\":2,\"name\":\"Am\u00e9liorations\"}]},{\"@type\":\"WebSite\",\"@id\":\"https:\\\/\\\/smart-vente-reparation.fr\\\/#website\",\"url\":\"https:\\\/\\\/smart-vente-reparation.fr\\\/\",\"name\":\"smart-vente-reparation.fr\",\"description\":\"SMARTFUN AUTO VOUS PROPOSE TOUT UNE GAMME DE SERVICES POUR VOTRE SMART\",\"publisher\":{\"@id\":\"https:\\\/\\\/smart-vente-reparation.fr\\\/#organization\"},\"potentialAction\":[{\"@type\":\"SearchAction\",\"target\":{\"@type\":\"EntryPoint\",\"urlTemplate\":\"https:\\\/\\\/smart-vente-reparation.fr\\\/?s={search_term_string}\"},\"query-input\":{\"@type\":\"PropertyValueSpecification\",\"valueRequired\":true,\"valueName\":\"search_term_string\"}}],\"inLanguage\":\"fr-FR\"},{\"@type\":\"Organization\",\"@id\":\"https:\\\/\\\/smart-vente-reparation.fr\\\/#organization\",\"name\":\"Smartfun auto\",\"url\":\"https:\\\/\\\/smart-vente-reparation.fr\\\/\",\"logo\":{\"@type\":\"ImageObject\",\"inLanguage\":\"fr-FR\",\"@id\":\"https:\\\/\\\/smart-vente-reparation.fr\\\/#\\\/schema\\\/logo\\\/image\\\/\",\"url\":\"https:\\\/\\\/smart-vente-reparation.fr\\\/wp-content\\\/uploads\\\/2024\\\/04\\\/cropped-logotel.jpg\",\"contentUrl\":\"https:\\\/\\\/smart-vente-reparation.fr\\\/wp-content\\\/uploads\\\/2024\\\/04\\\/cropped-logotel.jpg\",\"width\":549,\"height\":72,\"caption\":\"Smartfun auto\"},\"image\":{\"@id\":\"https:\\\/\\\/smart-vente-reparation.fr\\\/#\\\/schema\\\/logo\\\/image\\\/\"}}]}<\/script>\n<!-- \/ Yoast SEO plugin. -->","yoast_head_json":{"title":"Am\u00e9liorations -","robots":{"index":"index","follow":"follow","max-snippet":"max-snippet:-1","max-image-preview":"max-image-preview:large","max-video-preview":"max-video-preview:-1"},"canonical":"https:\/\/smart-vente-reparation.fr\/index.php\/ameliorations\/","og_locale":"fr_FR","og_type":"article","og_title":"Am\u00e9liorations -","og_description":"Nous vous proposons un \u00e9cran multim\u00e9dia qui s&rsquo;int\u00e8gre parfaitement en lieu et place de votre autoradio d&rsquo;origine. Et nous lui associons une cam\u00e9ra de recul. AUTORADIO 2007.2010 249\u20ac (pose comprise) AUTORADIO 2010.2014 249\u20ac (pose comprise) AUTORADIO 2014.2019 289\u20ac (pose comprise) CE TARIF COMPREND L&rsquo;INSTALLATION QUI PRENDS 1 HEURE SUR RENDEZ-VOUS AVEC PR\u00caT DE V\u00c9HICULE + [&hellip;]","og_url":"https:\/\/smart-vente-reparation.fr\/index.php\/ameliorations\/","article_modified_time":"2024-04-20T08:24:17+00:00","og_image":[{"url":"http:\/\/smart-vente-reparation.fr\/wp-content\/uploads\/2024\/04\/POSTE-2007.2010.jpg","type":"","width":"","height":""}],"twitter_card":"summary_large_image","twitter_misc":{"Dur\u00e9e de lecture estim\u00e9e":"2 minutes"},"schema":{"@context":"https:\/\/schema.org","@graph":[{"@type":"WebPage","@id":"https:\/\/smart-vente-reparation.fr\/index.php\/ameliorations\/","url":"https:\/\/smart-vente-reparation.fr\/index.php\/ameliorations\/","name":"Am\u00e9liorations -","isPartOf":{"@id":"https:\/\/smart-vente-reparation.fr\/#website"},"primaryImageOfPage":{"@id":"https:\/\/smart-vente-reparation.fr\/index.php\/ameliorations\/#primaryimage"},"image":{"@id":"https:\/\/smart-vente-reparation.fr\/index.php\/ameliorations\/#primaryimage"},"thumbnailUrl":"http:\/\/smart-vente-reparation.fr\/wp-content\/uploads\/2024\/04\/POSTE-2007.2010.jpg","datePublished":"2024-04-07T20:27:14+00:00","dateModified":"2024-04-20T08:24:17+00:00","breadcrumb":{"@id":"https:\/\/smart-vente-reparation.fr\/index.php\/ameliorations\/#breadcrumb"},"inLanguage":"fr-FR","potentialAction":[{"@type":"ReadAction","target":["https:\/\/smart-vente-reparation.fr\/index.php\/ameliorations\/"]}]},{"@type":"ImageObject","inLanguage":"fr-FR","@id":"https:\/\/smart-vente-reparation.fr\/index.php\/ameliorations\/#primaryimage","url":"https:\/\/smart-vente-reparation.fr\/wp-content\/uploads\/2024\/04\/POSTE-2007.2010.jpg","contentUrl":"https:\/\/smart-vente-reparation.fr\/wp-content\/uploads\/2024\/04\/POSTE-2007.2010.jpg","width":484,"height":314,"caption":"Screenshot"},{"@type":"BreadcrumbList","@id":"https:\/\/smart-vente-reparation.fr\/index.php\/ameliorations\/#breadcrumb","itemListElement":[{"@type":"ListItem","position":1,"name":"Accueil","item":"https:\/\/smart-vente-reparation.fr\/"},{"@type":"ListItem","position":2,"name":"Am\u00e9liorations"}]},{"@type":"WebSite","@id":"https:\/\/smart-vente-reparation.fr\/#website","url":"https:\/\/smart-vente-reparation.fr\/","name":"smart-vente-reparation.fr","description":"SMARTFUN AUTO VOUS PROPOSE TOUT UNE GAMME DE SERVICES POUR VOTRE SMART","publisher":{"@id":"https:\/\/smart-vente-reparation.fr\/#organization"},"potentialAction":[{"@type":"SearchAction","target":{"@type":"EntryPoint","urlTemplate":"https:\/\/smart-vente-reparation.fr\/?s={search_term_string}"},"query-input":{"@type":"PropertyValueSpecification","valueRequired":true,"valueName":"search_term_string"}}],"inLanguage":"fr-FR"},{"@type":"Organization","@id":"https:\/\/smart-vente-reparation.fr\/#organization","name":"Smartfun auto","url":"https:\/\/smart-vente-reparation.fr\/","logo":{"@type":"ImageObject","inLanguage":"fr-FR","@id":"https:\/\/smart-vente-reparation.fr\/#\/schema\/logo\/image\/","url":"https:\/\/smart-vente-reparation.fr\/wp-content\/uploads\/2024\/04\/cropped-logotel.jpg","contentUrl":"https:\/\/smart-vente-reparation.fr\/wp-content\/uploads\/2024\/04\/cropped-logotel.jpg","width":549,"height":72,"caption":"Smartfun auto"},"image":{"@id":"https:\/\/smart-vente-reparation.fr\/#\/schema\/logo\/image\/"}}]}},"_links":{"self":[{"href":"https:\/\/smart-vente-reparation.fr\/index.php\/wp-json\/wp\/v2\/pages\/16","targetHints":{"allow":["GET"]}}],"collection":[{"href":"https:\/\/smart-vente-reparation.fr\/index.php\/wp-json\/wp\/v2\/pages"}],"about":[{"href":"https:\/\/smart-vente-reparation.fr\/index.php\/wp-json\/wp\/v2\/types\/page"}],"author":[{"embeddable":true,"href":"https:\/\/smart-vente-reparation.fr\/index.php\/wp-json\/wp\/v2\/users\/1"}],"replies":[{"embeddable":true,"href":"https:\/\/smart-vente-reparation.fr\/index.php\/wp-json\/wp\/v2\/comments?post=16"}],"version-history":[{"count":33,"href":"https:\/\/smart-vente-reparation.fr\/index.php\/wp-json\/wp\/v2\/pages\/16\/revisions"}],"predecessor-version":[{"id":535,"href":"https:\/\/smart-vente-reparation.fr\/index.php\/wp-json\/wp\/v2\/pages\/16\/revisions\/535"}],"wp:attachment":[{"href":"https:\/\/smart-vente-reparation.fr\/index.php\/wp-json\/wp\/v2\/media?parent=16"}],"curies":[{"name":"wp","href":"https:\/\/api.w.org\/{rel}","templated":true}]}}