{"id":18,"date":"2024-04-07T22:37:35","date_gmt":"2024-04-07T20:37:35","guid":{"rendered":"http:\/\/smart-vente-reparation.fr\/?page_id=18"},"modified":"2025-07-30T11:27:42","modified_gmt":"2025-07-30T09:27:42","slug":"embrayages-smart-reparation-remorquage-vehicule-panne","status":"publish","type":"page","link":"https:\/\/smart-vente-reparation.fr\/index.php\/embrayages-smart-reparation-remorquage-vehicule-panne\/","title":{"rendered":"Embrayages Smart"},"content":{"rendered":"\n<p><strong>.<\/strong> Votre Smart broute au passage de vitesse<\/p>\n\n\n\n<p><strong>.<\/strong> Cale<\/p>\n\n\n\n<p><strong>.<\/strong> La marche arri\u00e8re se passe mal<\/p>\n\n\n\n<p><strong>.<\/strong> Trois traits ou un &lsquo;N&rsquo; clignotant s&rsquo;affiche<\/p>\n\n\n\n<div class=\"wp-block-columns is-layout-flex wp-container-core-columns-is-layout-9d6595d7 wp-block-columns-is-layout-flex\">\n<div class=\"wp-block-column is-layout-flow wp-block-column-is-layout-flow\"><div class=\"wp-block-image\">\n<figure class=\"alignright size-full is-resized\"><a href=\"https:\/\/smart-vente-reparation.fr\/wp-content\/uploads\/2024\/04\/IMG_4351.jpg\"><img fetchpriority=\"high\" decoding=\"async\" width=\"960\" height=\"891\" src=\"https:\/\/smart-vente-reparation.fr\/wp-content\/uploads\/2024\/04\/IMG_4351.jpg\" alt=\"\" class=\"wp-image-543\" style=\"width:213px;height:auto\" srcset=\"https:\/\/smart-vente-reparation.fr\/wp-content\/uploads\/2024\/04\/IMG_4351.jpg 960w, https:\/\/smart-vente-reparation.fr\/wp-content\/uploads\/2024\/04\/IMG_4351-300x278.jpg 300w, https:\/\/smart-vente-reparation.fr\/wp-content\/uploads\/2024\/04\/IMG_4351-768x713.jpg 768w\" sizes=\"(max-width: 960px) 100vw, 960px\" \/><\/a><\/figure>\n<\/div><\/div>\n\n\n\n<div class=\"wp-block-column is-vertically-aligned-top is-layout-flow wp-block-column-is-layout-flow\"><div class=\"wp-block-image\">\n<figure class=\"alignleft size-full is-resized\"><a href=\"https:\/\/smart-vente-reparation.fr\/wp-content\/uploads\/2024\/04\/IMG_4352-1.jpg\"><img decoding=\"async\" width=\"930\" height=\"718\" src=\"http:\/\/smart-vente-reparation.fr\/wp-content\/uploads\/2024\/04\/IMG_4352-1.jpg\" alt=\"\" class=\"wp-image-546\" style=\"width:246px;height:auto\" srcset=\"https:\/\/smart-vente-reparation.fr\/wp-content\/uploads\/2024\/04\/IMG_4352-1.jpg 930w, https:\/\/smart-vente-reparation.fr\/wp-content\/uploads\/2024\/04\/IMG_4352-1-300x232.jpg 300w, https:\/\/smart-vente-reparation.fr\/wp-content\/uploads\/2024\/04\/IMG_4352-1-768x593.jpg 768w\" sizes=\"(max-width: 930px) 100vw, 930px\" \/><\/a><\/figure>\n<\/div><\/div>\n<\/div>\n\n\n\n<p>Si vous constatez un voir plusieurs de ces sympt\u00f4mes sur votre smart il faut envisager de changer votre Embrayage ou votre Actuateur et dans la plupart des cas, les deux (Forfait s\u00e9r\u00e9nit\u00e9).<\/p>\n\n\n\n<p class=\"has-text-align-center\"><strong>TARIF MAIN D&rsquo;OEUVRE COMPRISE<\/strong> <\/p>\n\n\n\n<figure class=\"wp-block-table\"><table><tbody><tr><td><\/td><td class=\"has-text-align-center\" data-align=\"center\">Embrayage<br><\/td><td class=\"has-text-align-center\" data-align=\"center\">Actuateur<br><\/td><td class=\"has-text-align-center\" data-align=\"center\">S\u00e9r\u00e9nit\u00e9<br>Embrayage + Actuateur<br>(garantie 12 mois)<\/td><\/tr><tr><td>SMART 99 &#8211; 2007<\/td><td class=\"has-text-align-center\" data-align=\"center\">890.00 \u20ac<\/td><td class=\"has-text-align-center\" data-align=\"center\">250.00 \u20ac<\/td><td class=\"has-text-align-center\" data-align=\"center\">1090.00 \u20ac<\/td><\/tr><tr><td>SMART 2007 &#8211; 2014  71cv&amp;61cv<\/td><td class=\"has-text-align-center\" data-align=\"center\">850.00 \u20ac<\/td><td class=\"has-text-align-center\" data-align=\"center\">350.00 \u20ac<\/td><td class=\"has-text-align-center\" data-align=\"center\">1200.00 \u20ac<\/td><\/tr><tr><td>SMART 84CV&amp;BRABUS<\/td><td class=\"has-text-align-center\" data-align=\"center\">950.00 \u20ac<\/td><td class=\"has-text-align-center\" data-align=\"center\">350.00 \u20ac<\/td><td class=\"has-text-align-center\" data-align=\"center\">1300.00 \u20ac<\/td><\/tr><\/tbody><\/table><\/figure>\n\n\n\n<p class=\"has-text-align-center\"><strong>INTERVENTION SUR RENDEZ-VOUS POSSIBILIT<strong><strong>\u00c9<\/strong><\/strong> DE <strong>PR\u00caT DE V\u00c9HICULE<\/strong> OU LE CAS <strong><strong>\u00c9<\/strong><\/strong>CH<strong><strong>\u00c9<\/strong><\/strong>ANT DE REMORQUAGE DE VOTRE SMART IMMOBILIS<strong><strong>\u00c9<\/strong><\/strong>E<\/strong><\/p>\n\n\n\n<figure class=\"wp-block-table is-style-regular has-medium-font-size\" style=\"font-style:normal;font-weight:700;text-transform:uppercase\"><table class=\"has-black-color has-text-color has-background has-link-color\" style=\"background-color:#98ded0\"><tbody><tr><td class=\"has-text-align-center\" data-align=\"center\"><strong>+ infos<\/strong><\/td><\/tr><tr><td class=\"has-text-align-center\" data-align=\"center\">Rendez-vous<br>Garage SmartFun Auto <br><a href=\"https:\/\/www.google.fr\/maps\/dir\/\/445+Av.+des+Templiers,+13400+Aubagne\/@43.3154702,5.4997583,12z\/data=!4m8!4m7!1m0!1m5!1m1!1s0x12c9a3220f3b4e55:0xd85374c468d16ff4!2m2!1d5.582159!2d43.3154998?entry=ttu\">(voir l&rsquo;itin\u00e9raire)<\/a><br>ou<br>Contactez-nous<br><a href=\"tel:+33608351795\">06 08 35 17 95<\/a><br> <img decoding=\"async\" width=\"299\" height=\"46\" class=\"wp-image-246\" src=\"http:\/\/smart-vente-reparation.fr\/wp-content\/uploads\/2024\/04\/outil2.jpg\" alt=\"smart, garage, vente, r\u00e9paration\"><\/td><\/tr><\/tbody><\/table><\/figure>\n","protected":false},"excerpt":{"rendered":"<p>. Votre Smart broute au passage de vitesse . Cale . La marche arri\u00e8re se passe mal . Trois traits ou un &lsquo;N&rsquo; clignotant s&rsquo;affiche Si vous constatez un voir plusieurs de ces sympt\u00f4mes sur votre smart il faut envisager de changer votre Embrayage ou votre Actuateur et dans la plupart des cas, les deux [&hellip;]<\/p>\n","protected":false},"author":1,"featured_media":0,"parent":0,"menu_order":4,"comment_status":"closed","ping_status":"closed","template":"","meta":{"footnotes":""},"class_list":["post-18","page","type-page","status-publish","hentry"],"yoast_head":"<!-- This site is optimized with the Yoast SEO plugin v27.4 - https:\/\/yoast.com\/product\/yoast-seo-wordpress\/ -->\n<title>Embrayages Smart -<\/title>\n<meta name=\"description\" content=\"garage smart r\u00e9paration, r\u00e9vision embrayage Marseille Aubagne v\u00e9hicule remorquage \u00e9cran multim\u00e9dia bluetooth sp\u00e9cialiste chargeur panne moteur\" \/>\n<meta name=\"robots\" content=\"index, follow, max-snippet:-1, max-image-preview:large, max-video-preview:-1\" \/>\n<link rel=\"canonical\" href=\"https:\/\/smart-vente-reparation.fr\/index.php\/embrayages-smart-reparation-remorquage-vehicule-panne\/\" \/>\n<meta property=\"og:locale\" content=\"fr_FR\" \/>\n<meta property=\"og:type\" content=\"article\" \/>\n<meta property=\"og:title\" content=\"Embrayages Smart -\" \/>\n<meta property=\"og:description\" content=\"garage smart r\u00e9paration, r\u00e9vision embrayage Marseille Aubagne v\u00e9hicule remorquage \u00e9cran multim\u00e9dia bluetooth sp\u00e9cialiste chargeur panne moteur\" \/>\n<meta property=\"og:url\" content=\"https:\/\/smart-vente-reparation.fr\/index.php\/embrayages-smart-reparation-remorquage-vehicule-panne\/\" \/>\n<meta property=\"article:modified_time\" content=\"2025-07-30T09:27:42+00:00\" \/>\n<meta property=\"og:image\" content=\"https:\/\/smart-vente-reparation.fr\/wp-content\/uploads\/2024\/04\/IMG_4351.jpg\" \/>\n\t<meta property=\"og:image:width\" content=\"960\" \/>\n\t<meta property=\"og:image:height\" content=\"891\" \/>\n\t<meta property=\"og:image:type\" content=\"image\/jpeg\" \/>\n<meta name=\"twitter:card\" content=\"summary_large_image\" \/>\n<meta name=\"twitter:label1\" content=\"Dur\u00e9e de lecture estim\u00e9e\" \/>\n\t<meta name=\"twitter:data1\" content=\"2 minutes\" \/>\n<script type=\"application\/ld+json\" class=\"yoast-schema-graph\">{\"@context\":\"https:\\\/\\\/schema.org\",\"@graph\":[{\"@type\":\"WebPage\",\"@id\":\"https:\\\/\\\/smart-vente-reparation.fr\\\/index.php\\\/embrayages-smart-reparation-remorquage-vehicule-panne\\\/\",\"url\":\"https:\\\/\\\/smart-vente-reparation.fr\\\/index.php\\\/embrayages-smart-reparation-remorquage-vehicule-panne\\\/\",\"name\":\"Embrayages Smart -\",\"isPartOf\":{\"@id\":\"https:\\\/\\\/smart-vente-reparation.fr\\\/#website\"},\"primaryImageOfPage\":{\"@id\":\"https:\\\/\\\/smart-vente-reparation.fr\\\/index.php\\\/embrayages-smart-reparation-remorquage-vehicule-panne\\\/#primaryimage\"},\"image\":{\"@id\":\"https:\\\/\\\/smart-vente-reparation.fr\\\/index.php\\\/embrayages-smart-reparation-remorquage-vehicule-panne\\\/#primaryimage\"},\"thumbnailUrl\":\"https:\\\/\\\/smart-vente-reparation.fr\\\/wp-content\\\/uploads\\\/2024\\\/04\\\/IMG_4351.jpg\",\"datePublished\":\"2024-04-07T20:37:35+00:00\",\"dateModified\":\"2025-07-30T09:27:42+00:00\",\"description\":\"garage smart r\u00e9paration, r\u00e9vision embrayage Marseille Aubagne v\u00e9hicule remorquage \u00e9cran multim\u00e9dia bluetooth sp\u00e9cialiste chargeur panne moteur\",\"breadcrumb\":{\"@id\":\"https:\\\/\\\/smart-vente-reparation.fr\\\/index.php\\\/embrayages-smart-reparation-remorquage-vehicule-panne\\\/#breadcrumb\"},\"inLanguage\":\"fr-FR\",\"potentialAction\":[{\"@type\":\"ReadAction\",\"target\":[\"https:\\\/\\\/smart-vente-reparation.fr\\\/index.php\\\/embrayages-smart-reparation-remorquage-vehicule-panne\\\/\"]}]},{\"@type\":\"ImageObject\",\"inLanguage\":\"fr-FR\",\"@id\":\"https:\\\/\\\/smart-vente-reparation.fr\\\/index.php\\\/embrayages-smart-reparation-remorquage-vehicule-panne\\\/#primaryimage\",\"url\":\"https:\\\/\\\/smart-vente-reparation.fr\\\/wp-content\\\/uploads\\\/2024\\\/04\\\/IMG_4351.jpg\",\"contentUrl\":\"https:\\\/\\\/smart-vente-reparation.fr\\\/wp-content\\\/uploads\\\/2024\\\/04\\\/IMG_4351.jpg\",\"width\":960,\"height\":891,\"caption\":\"Screenshot\"},{\"@type\":\"BreadcrumbList\",\"@id\":\"https:\\\/\\\/smart-vente-reparation.fr\\\/index.php\\\/embrayages-smart-reparation-remorquage-vehicule-panne\\\/#breadcrumb\",\"itemListElement\":[{\"@type\":\"ListItem\",\"position\":1,\"name\":\"Accueil\",\"item\":\"https:\\\/\\\/smart-vente-reparation.fr\\\/\"},{\"@type\":\"ListItem\",\"position\":2,\"name\":\"Embrayages Smart\"}]},{\"@type\":\"WebSite\",\"@id\":\"https:\\\/\\\/smart-vente-reparation.fr\\\/#website\",\"url\":\"https:\\\/\\\/smart-vente-reparation.fr\\\/\",\"name\":\"smart-vente-reparation.fr\",\"description\":\"SMARTFUN AUTO VOUS PROPOSE TOUT UNE GAMME DE SERVICES POUR VOTRE SMART\",\"publisher\":{\"@id\":\"https:\\\/\\\/smart-vente-reparation.fr\\\/#organization\"},\"potentialAction\":[{\"@type\":\"SearchAction\",\"target\":{\"@type\":\"EntryPoint\",\"urlTemplate\":\"https:\\\/\\\/smart-vente-reparation.fr\\\/?s={search_term_string}\"},\"query-input\":{\"@type\":\"PropertyValueSpecification\",\"valueRequired\":true,\"valueName\":\"search_term_string\"}}],\"inLanguage\":\"fr-FR\"},{\"@type\":\"Organization\",\"@id\":\"https:\\\/\\\/smart-vente-reparation.fr\\\/#organization\",\"name\":\"Smartfun auto\",\"url\":\"https:\\\/\\\/smart-vente-reparation.fr\\\/\",\"logo\":{\"@type\":\"ImageObject\",\"inLanguage\":\"fr-FR\",\"@id\":\"https:\\\/\\\/smart-vente-reparation.fr\\\/#\\\/schema\\\/logo\\\/image\\\/\",\"url\":\"https:\\\/\\\/smart-vente-reparation.fr\\\/wp-content\\\/uploads\\\/2024\\\/04\\\/cropped-logotel.jpg\",\"contentUrl\":\"https:\\\/\\\/smart-vente-reparation.fr\\\/wp-content\\\/uploads\\\/2024\\\/04\\\/cropped-logotel.jpg\",\"width\":549,\"height\":72,\"caption\":\"Smartfun auto\"},\"image\":{\"@id\":\"https:\\\/\\\/smart-vente-reparation.fr\\\/#\\\/schema\\\/logo\\\/image\\\/\"}}]}<\/script>\n<!-- \/ Yoast SEO plugin. -->","yoast_head_json":{"title":"Embrayages Smart -","description":"garage smart r\u00e9paration, r\u00e9vision embrayage Marseille Aubagne v\u00e9hicule remorquage \u00e9cran multim\u00e9dia bluetooth sp\u00e9cialiste chargeur panne moteur","robots":{"index":"index","follow":"follow","max-snippet":"max-snippet:-1","max-image-preview":"max-image-preview:large","max-video-preview":"max-video-preview:-1"},"canonical":"https:\/\/smart-vente-reparation.fr\/index.php\/embrayages-smart-reparation-remorquage-vehicule-panne\/","og_locale":"fr_FR","og_type":"article","og_title":"Embrayages Smart -","og_description":"garage smart r\u00e9paration, r\u00e9vision embrayage Marseille Aubagne v\u00e9hicule remorquage \u00e9cran multim\u00e9dia bluetooth sp\u00e9cialiste chargeur panne moteur","og_url":"https:\/\/smart-vente-reparation.fr\/index.php\/embrayages-smart-reparation-remorquage-vehicule-panne\/","article_modified_time":"2025-07-30T09:27:42+00:00","og_image":[{"width":960,"height":891,"url":"https:\/\/smart-vente-reparation.fr\/wp-content\/uploads\/2024\/04\/IMG_4351.jpg","type":"image\/jpeg"}],"twitter_card":"summary_large_image","twitter_misc":{"Dur\u00e9e de lecture estim\u00e9e":"2 minutes"},"schema":{"@context":"https:\/\/schema.org","@graph":[{"@type":"WebPage","@id":"https:\/\/smart-vente-reparation.fr\/index.php\/embrayages-smart-reparation-remorquage-vehicule-panne\/","url":"https:\/\/smart-vente-reparation.fr\/index.php\/embrayages-smart-reparation-remorquage-vehicule-panne\/","name":"Embrayages Smart -","isPartOf":{"@id":"https:\/\/smart-vente-reparation.fr\/#website"},"primaryImageOfPage":{"@id":"https:\/\/smart-vente-reparation.fr\/index.php\/embrayages-smart-reparation-remorquage-vehicule-panne\/#primaryimage"},"image":{"@id":"https:\/\/smart-vente-reparation.fr\/index.php\/embrayages-smart-reparation-remorquage-vehicule-panne\/#primaryimage"},"thumbnailUrl":"https:\/\/smart-vente-reparation.fr\/wp-content\/uploads\/2024\/04\/IMG_4351.jpg","datePublished":"2024-04-07T20:37:35+00:00","dateModified":"2025-07-30T09:27:42+00:00","description":"garage smart r\u00e9paration, r\u00e9vision embrayage Marseille Aubagne v\u00e9hicule remorquage \u00e9cran multim\u00e9dia bluetooth sp\u00e9cialiste chargeur panne moteur","breadcrumb":{"@id":"https:\/\/smart-vente-reparation.fr\/index.php\/embrayages-smart-reparation-remorquage-vehicule-panne\/#breadcrumb"},"inLanguage":"fr-FR","potentialAction":[{"@type":"ReadAction","target":["https:\/\/smart-vente-reparation.fr\/index.php\/embrayages-smart-reparation-remorquage-vehicule-panne\/"]}]},{"@type":"ImageObject","inLanguage":"fr-FR","@id":"https:\/\/smart-vente-reparation.fr\/index.php\/embrayages-smart-reparation-remorquage-vehicule-panne\/#primaryimage","url":"https:\/\/smart-vente-reparation.fr\/wp-content\/uploads\/2024\/04\/IMG_4351.jpg","contentUrl":"https:\/\/smart-vente-reparation.fr\/wp-content\/uploads\/2024\/04\/IMG_4351.jpg","width":960,"height":891,"caption":"Screenshot"},{"@type":"BreadcrumbList","@id":"https:\/\/smart-vente-reparation.fr\/index.php\/embrayages-smart-reparation-remorquage-vehicule-panne\/#breadcrumb","itemListElement":[{"@type":"ListItem","position":1,"name":"Accueil","item":"https:\/\/smart-vente-reparation.fr\/"},{"@type":"ListItem","position":2,"name":"Embrayages Smart"}]},{"@type":"WebSite","@id":"https:\/\/smart-vente-reparation.fr\/#website","url":"https:\/\/smart-vente-reparation.fr\/","name":"smart-vente-reparation.fr","description":"SMARTFUN AUTO VOUS PROPOSE TOUT UNE GAMME DE SERVICES POUR VOTRE SMART","publisher":{"@id":"https:\/\/smart-vente-reparation.fr\/#organization"},"potentialAction":[{"@type":"SearchAction","target":{"@type":"EntryPoint","urlTemplate":"https:\/\/smart-vente-reparation.fr\/?s={search_term_string}"},"query-input":{"@type":"PropertyValueSpecification","valueRequired":true,"valueName":"search_term_string"}}],"inLanguage":"fr-FR"},{"@type":"Organization","@id":"https:\/\/smart-vente-reparation.fr\/#organization","name":"Smartfun auto","url":"https:\/\/smart-vente-reparation.fr\/","logo":{"@type":"ImageObject","inLanguage":"fr-FR","@id":"https:\/\/smart-vente-reparation.fr\/#\/schema\/logo\/image\/","url":"https:\/\/smart-vente-reparation.fr\/wp-content\/uploads\/2024\/04\/cropped-logotel.jpg","contentUrl":"https:\/\/smart-vente-reparation.fr\/wp-content\/uploads\/2024\/04\/cropped-logotel.jpg","width":549,"height":72,"caption":"Smartfun auto"},"image":{"@id":"https:\/\/smart-vente-reparation.fr\/#\/schema\/logo\/image\/"}}]}},"_links":{"self":[{"href":"https:\/\/smart-vente-reparation.fr\/index.php\/wp-json\/wp\/v2\/pages\/18","targetHints":{"allow":["GET"]}}],"collection":[{"href":"https:\/\/smart-vente-reparation.fr\/index.php\/wp-json\/wp\/v2\/pages"}],"about":[{"href":"https:\/\/smart-vente-reparation.fr\/index.php\/wp-json\/wp\/v2\/types\/page"}],"author":[{"embeddable":true,"href":"https:\/\/smart-vente-reparation.fr\/index.php\/wp-json\/wp\/v2\/users\/1"}],"replies":[{"embeddable":true,"href":"https:\/\/smart-vente-reparation.fr\/index.php\/wp-json\/wp\/v2\/comments?post=18"}],"version-history":[{"count":22,"href":"https:\/\/smart-vente-reparation.fr\/index.php\/wp-json\/wp\/v2\/pages\/18\/revisions"}],"predecessor-version":[{"id":599,"href":"https:\/\/smart-vente-reparation.fr\/index.php\/wp-json\/wp\/v2\/pages\/18\/revisions\/599"}],"wp:attachment":[{"href":"https:\/\/smart-vente-reparation.fr\/index.php\/wp-json\/wp\/v2\/media?parent=18"}],"curies":[{"name":"wp","href":"https:\/\/api.w.org\/{rel}","templated":true}]}}