{"id":46,"date":"2024-04-07T23:36:42","date_gmt":"2024-04-07T21:36:42","guid":{"rendered":"https:\/\/smart-vente-reparation.fr\/?page_id=46"},"modified":"2025-07-30T11:54:02","modified_gmt":"2025-07-30T09:54:02","slug":"occasions-smart-garage-marseille-aubagne","status":"publish","type":"page","link":"https:\/\/smart-vente-reparation.fr\/index.php\/occasions-smart-garage-marseille-aubagne\/","title":{"rendered":"Occasions Smart"},"content":{"rendered":"\n<p class=\"has-text-align-center has-text-color has-link-color has-medium-font-size wp-elements-34d3f254ffea6f1d4345124ddb018214\" style=\"color:#98dfd1\"><strong>Toutes nos occasions smart sont r\u00e9vis\u00e9es par nos soins et <br>b\u00e9n\u00e9ficies de garanties qui vont de 12 \u00e0 24 mois<\/strong>.<\/p>\n\n\n<div class=\"wp-block-image\">\n<figure class=\"aligncenter size-full is-resized\"><a href=\"https:\/\/smart-vente-reparation.fr\/wp-content\/uploads\/2024\/04\/SMART-SQUELETTE.jpg\"><img fetchpriority=\"high\" decoding=\"async\" width=\"492\" height=\"349\" src=\"https:\/\/smart-vente-reparation.fr\/wp-content\/uploads\/2024\/04\/SMART-SQUELETTE.jpg\" alt=\"\" class=\"wp-image-492\" style=\"width:407px;height:auto\" srcset=\"https:\/\/smart-vente-reparation.fr\/wp-content\/uploads\/2024\/04\/SMART-SQUELETTE.jpg 492w, https:\/\/smart-vente-reparation.fr\/wp-content\/uploads\/2024\/04\/SMART-SQUELETTE-300x213.jpg 300w\" sizes=\"(max-width: 492px) 100vw, 492px\" \/><\/a><figcaption class=\"wp-element-caption\">Screenshot<\/figcaption><\/figure>\n<\/div>\n\n\n<p>Un grand choix d&rsquo;occasions de Smart r\u00e9vis\u00e9es par nos soins vous est propos\u00e9 durant toute l&rsquo;ann\u00e9e.<br>N&rsquo;h\u00e9sitez pas \u00e0 nous contacter pour venir faire un essai.<br>Notre garage est situ\u00e9 au 445 Avenue des Templiers 13400 Aubagne est ouvert du lundi au vendredi de 9h00 \u00e0 19h00, samedi et dimanche sur rendez-vous.<\/p>\n\n\n\n<div class=\"wp-block-columns is-layout-flex wp-container-core-columns-is-layout-9d6595d7 wp-block-columns-is-layout-flex\">\n<div class=\"wp-block-column is-layout-flow wp-block-column-is-layout-flow\"><div class=\"wp-block-image\">\n<figure class=\"aligncenter size-full is-resized\"><a href=\"https:\/\/smart-vente-reparation.fr\/wp-content\/uploads\/2025\/07\/image-30-07-25-11-45.jpeg\"><img decoding=\"async\" width=\"960\" height=\"721\" src=\"https:\/\/smart-vente-reparation.fr\/wp-content\/uploads\/2025\/07\/image-30-07-25-11-45.jpeg\" alt=\"\" class=\"wp-image-600\" style=\"width:182px;height:auto\" srcset=\"https:\/\/smart-vente-reparation.fr\/wp-content\/uploads\/2025\/07\/image-30-07-25-11-45.jpeg 960w, https:\/\/smart-vente-reparation.fr\/wp-content\/uploads\/2025\/07\/image-30-07-25-11-45-300x225.jpeg 300w, https:\/\/smart-vente-reparation.fr\/wp-content\/uploads\/2025\/07\/image-30-07-25-11-45-768x577.jpeg 768w\" sizes=\"(max-width: 960px) 100vw, 960px\" \/><\/a><\/figure>\n<\/div>\n\n<div class=\"wp-block-image\">\n<figure class=\"aligncenter size-full is-resized\"><a href=\"https:\/\/smart-vente-reparation.fr\/wp-content\/uploads\/2025\/07\/image-30-07-25-11-48.jpeg\"><img decoding=\"async\" width=\"960\" height=\"721\" src=\"https:\/\/smart-vente-reparation.fr\/wp-content\/uploads\/2025\/07\/image-30-07-25-11-48.jpeg\" alt=\"\" class=\"wp-image-601\" style=\"width:179px;height:auto\" srcset=\"https:\/\/smart-vente-reparation.fr\/wp-content\/uploads\/2025\/07\/image-30-07-25-11-48.jpeg 960w, https:\/\/smart-vente-reparation.fr\/wp-content\/uploads\/2025\/07\/image-30-07-25-11-48-300x225.jpeg 300w, https:\/\/smart-vente-reparation.fr\/wp-content\/uploads\/2025\/07\/image-30-07-25-11-48-768x577.jpeg 768w\" sizes=\"(max-width: 960px) 100vw, 960px\" \/><\/a><\/figure>\n<\/div>\n\n<div class=\"wp-block-image\">\n<figure class=\"aligncenter size-full is-resized\"><a href=\"https:\/\/smart-vente-reparation.fr\/wp-content\/uploads\/2024\/04\/arriere.jpg\"><img loading=\"lazy\" decoding=\"async\" width=\"207\" height=\"135\" src=\"https:\/\/smart-vente-reparation.fr\/wp-content\/uploads\/2024\/04\/arriere.jpg\" alt=\"\" class=\"wp-image-576\" style=\"width:182px\"\/><\/a><\/figure>\n<\/div><\/div>\n\n\n\n<div class=\"wp-block-column is-layout-flow wp-block-column-is-layout-flow\">\n<p class=\"has-text-align-left\">Mod\u00e8le :<br>Ann\u00e9e du v\u00e9hicule : <br>Motorisation :<br>Kilom\u00e9trage : <br>Options :<br>Couleur : <br>Carburant : <br>Boite de vitesse : Automatique \u2013 S\u00e9quentielle<br>R\u00e9vision :<br>Contr\u00f4le Technique :<br>Prix : <br>Garantie :<br><img loading=\"lazy\" decoding=\"async\" width=\"150\" height=\"101\" class=\"wp-image-585\" style=\"width: 150px;\" src=\"http:\/\/smart-vente-reparation.fr\/wp-content\/uploads\/2024\/04\/vendu.png\" alt=\"\" srcset=\"https:\/\/smart-vente-reparation.fr\/wp-content\/uploads\/2024\/04\/vendu.png 311w, https:\/\/smart-vente-reparation.fr\/wp-content\/uploads\/2024\/04\/vendu-300x202.png 300w\" sizes=\"(max-width: 150px) 100vw, 150px\" \/><\/p>\n<\/div>\n<\/div>\n\n\n\n<hr class=\"wp-block-separator has-alpha-channel-opacity\"\/>\n\n\n\n<div class=\"wp-block-columns is-layout-flex wp-container-core-columns-is-layout-9d6595d7 wp-block-columns-is-layout-flex\">\n<div class=\"wp-block-column is-layout-flow wp-block-column-is-layout-flow\"><div class=\"wp-block-image\">\n<figure class=\"aligncenter size-full is-resized\"><a href=\"https:\/\/smart-vente-reparation.fr\/wp-content\/uploads\/2024\/04\/cote.jpg\"><img loading=\"lazy\" decoding=\"async\" width=\"207\" height=\"135\" src=\"https:\/\/smart-vente-reparation.fr\/wp-content\/uploads\/2024\/04\/cote.jpg\" alt=\"\" class=\"wp-image-574\" style=\"width:182px;height:auto\"\/><\/a><\/figure>\n<\/div>\n\n<div class=\"wp-block-image\">\n<figure class=\"aligncenter size-full is-resized\"><a href=\"https:\/\/smart-vente-reparation.fr\/wp-content\/uploads\/2024\/04\/devant.png\"><img loading=\"lazy\" decoding=\"async\" width=\"207\" height=\"135\" src=\"https:\/\/smart-vente-reparation.fr\/wp-content\/uploads\/2024\/04\/devant.png\" alt=\"\" class=\"wp-image-575\" style=\"width:182px\"\/><\/a><\/figure>\n<\/div>\n\n<div class=\"wp-block-image\">\n<figure class=\"aligncenter size-full is-resized\"><a href=\"https:\/\/smart-vente-reparation.fr\/wp-content\/uploads\/2024\/04\/arriere.jpg\"><img loading=\"lazy\" decoding=\"async\" width=\"207\" height=\"135\" src=\"https:\/\/smart-vente-reparation.fr\/wp-content\/uploads\/2024\/04\/arriere.jpg\" alt=\"\" class=\"wp-image-576\" style=\"width:182px\"\/><\/a><\/figure>\n<\/div><\/div>\n\n\n\n<div class=\"wp-block-column is-layout-flow wp-block-column-is-layout-flow\">\n<p class=\"has-text-align-left\">Mod\u00e8le :<br>Ann\u00e9e du v\u00e9hicule : <br>Motorisation :<br>Kilom\u00e9trage : <br>Options :<br>Couleur : <br>Carburant : <br>Boite de vitesse : Automatique \u2013 S\u00e9quentielle<br>R\u00e9vision :<br>Contr\u00f4le Technique :<br>Prix : <br>Garantie :<\/p>\n<\/div>\n<\/div>\n\n\n\n<hr class=\"wp-block-separator has-alpha-channel-opacity\"\/>\n\n\n\n<div class=\"wp-block-columns is-layout-flex wp-container-core-columns-is-layout-9d6595d7 wp-block-columns-is-layout-flex\">\n<div class=\"wp-block-column is-layout-flow wp-block-column-is-layout-flow\"><div class=\"wp-block-image\">\n<figure class=\"aligncenter size-full is-resized\"><a href=\"https:\/\/smart-vente-reparation.fr\/wp-content\/uploads\/2024\/04\/cote.jpg\"><img loading=\"lazy\" decoding=\"async\" width=\"207\" height=\"135\" src=\"https:\/\/smart-vente-reparation.fr\/wp-content\/uploads\/2024\/04\/cote.jpg\" alt=\"\" class=\"wp-image-574\" style=\"width:182px;height:auto\"\/><\/a><\/figure>\n<\/div>\n\n<div class=\"wp-block-image\">\n<figure class=\"aligncenter size-full is-resized\"><a href=\"https:\/\/smart-vente-reparation.fr\/wp-content\/uploads\/2024\/04\/devant.png\"><img loading=\"lazy\" decoding=\"async\" width=\"207\" height=\"135\" src=\"https:\/\/smart-vente-reparation.fr\/wp-content\/uploads\/2024\/04\/devant.png\" alt=\"\" class=\"wp-image-575\" style=\"width:182px\"\/><\/a><\/figure>\n<\/div>\n\n<div class=\"wp-block-image\">\n<figure class=\"aligncenter size-full is-resized\"><a href=\"https:\/\/smart-vente-reparation.fr\/wp-content\/uploads\/2024\/04\/arriere.jpg\"><img loading=\"lazy\" decoding=\"async\" width=\"207\" height=\"135\" src=\"https:\/\/smart-vente-reparation.fr\/wp-content\/uploads\/2024\/04\/arriere.jpg\" alt=\"\" class=\"wp-image-576\" style=\"width:182px\"\/><\/a><\/figure>\n<\/div><\/div>\n\n\n\n<div class=\"wp-block-column is-layout-flow wp-block-column-is-layout-flow\">\n<p class=\"has-text-align-left\">Mod\u00e8le :<br>Ann\u00e9e du v\u00e9hicule : <br>Motorisation :<br>Kilom\u00e9trage : <br>Options :<br>Couleur : <br>Carburant : <br>Boite de vitesse : Automatique \u2013 S\u00e9quentielle<br>R\u00e9vision :<br>Contr\u00f4le Technique :<br>Prix : <br>Garantie :<\/p>\n<\/div>\n<\/div>\n\n\n\n<hr class=\"wp-block-separator has-alpha-channel-opacity\"\/>\n\n\n\n<figure class=\"wp-block-table is-style-regular has-medium-font-size\" style=\"font-style:normal;font-weight:700;text-transform:uppercase\"><table class=\"has-black-color has-text-color has-background has-link-color\" style=\"background-color:#98ded0\"><tbody><tr><td class=\"has-text-align-center\" data-align=\"center\"><strong>+ infos<\/strong><\/td><\/tr><tr><td class=\"has-text-align-center\" data-align=\"center\">Rendez-vous<br>Garage SmartFun Auto <br><a href=\"https:\/\/www.google.fr\/maps\/dir\/\/445+Av.+des+Templiers,+13400+Aubagne\/@43.3154702,5.4997583,12z\/data=!4m8!4m7!1m0!1m5!1m1!1s0x12c9a3220f3b4e55:0xd85374c468d16ff4!2m2!1d5.582159!2d43.3154998?entry=ttu\">(voir l&rsquo;itin\u00e9raire)<\/a><br>ou<br>Contactez-nous<br><a href=\"tel:+33608351795\">06 08 35 17 95<\/a><br> <img loading=\"lazy\" decoding=\"async\" width=\"299\" height=\"46\" class=\"wp-image-246\" src=\"http:\/\/smart-vente-reparation.fr\/wp-content\/uploads\/2024\/04\/outil2.jpg\" alt=\"\"><\/td><\/tr><\/tbody><\/table><\/figure>\n","protected":false},"excerpt":{"rendered":"<p>Toutes nos occasions smart sont r\u00e9vis\u00e9es par nos soins et b\u00e9n\u00e9ficies de garanties qui vont de 12 \u00e0 24 mois. Un grand choix d&rsquo;occasions de Smart r\u00e9vis\u00e9es par nos soins vous est propos\u00e9 durant toute l&rsquo;ann\u00e9e.N&rsquo;h\u00e9sitez pas \u00e0 nous contacter pour venir faire un essai.Notre garage est situ\u00e9 au 445 Avenue des Templiers 13400 Aubagne [&hellip;]<\/p>\n","protected":false},"author":1,"featured_media":0,"parent":0,"menu_order":6,"comment_status":"closed","ping_status":"closed","template":"","meta":{"footnotes":""},"class_list":["post-46","page","type-page","status-publish","hentry"],"yoast_head":"<!-- This site is optimized with the Yoast SEO plugin v27.4 - https:\/\/yoast.com\/product\/yoast-seo-wordpress\/ -->\n<title>Occasions Smart -<\/title>\n<meta name=\"description\" content=\"garage smart vente d&#039;occasions Marseille mod\u00e8le de smart, boite automatique, contr\u00f4le technique, motorisation smart, garantie 12 \u00e0 24 mois\" \/>\n<meta name=\"robots\" content=\"index, follow, max-snippet:-1, max-image-preview:large, max-video-preview:-1\" \/>\n<link rel=\"canonical\" href=\"https:\/\/smart-vente-reparation.fr\/index.php\/occasions-smart-garage-marseille-aubagne\/\" \/>\n<meta property=\"og:locale\" content=\"fr_FR\" \/>\n<meta property=\"og:type\" content=\"article\" \/>\n<meta property=\"og:title\" content=\"Occasions Smart -\" \/>\n<meta property=\"og:description\" content=\"garage smart vente d&#039;occasions Marseille mod\u00e8le de smart, boite automatique, contr\u00f4le technique, motorisation smart, garantie 12 \u00e0 24 mois\" \/>\n<meta property=\"og:url\" content=\"https:\/\/smart-vente-reparation.fr\/index.php\/occasions-smart-garage-marseille-aubagne\/\" \/>\n<meta property=\"article:modified_time\" content=\"2025-07-30T09:54:02+00:00\" \/>\n<meta property=\"og:image\" content=\"https:\/\/smart-vente-reparation.fr\/wp-content\/uploads\/2024\/04\/SMART-SQUELETTE.jpg\" \/>\n\t<meta property=\"og:image:width\" content=\"492\" \/>\n\t<meta property=\"og:image:height\" content=\"349\" \/>\n\t<meta property=\"og:image:type\" content=\"image\/jpeg\" \/>\n<meta name=\"twitter:card\" content=\"summary_large_image\" \/>\n<meta name=\"twitter:label1\" content=\"Dur\u00e9e de lecture estim\u00e9e\" \/>\n\t<meta name=\"twitter:data1\" content=\"4 minutes\" \/>\n<script type=\"application\/ld+json\" class=\"yoast-schema-graph\">{\"@context\":\"https:\\\/\\\/schema.org\",\"@graph\":[{\"@type\":\"WebPage\",\"@id\":\"https:\\\/\\\/smart-vente-reparation.fr\\\/index.php\\\/occasions-smart-garage-marseille-aubagne\\\/\",\"url\":\"https:\\\/\\\/smart-vente-reparation.fr\\\/index.php\\\/occasions-smart-garage-marseille-aubagne\\\/\",\"name\":\"Occasions Smart -\",\"isPartOf\":{\"@id\":\"https:\\\/\\\/smart-vente-reparation.fr\\\/#website\"},\"primaryImageOfPage\":{\"@id\":\"https:\\\/\\\/smart-vente-reparation.fr\\\/index.php\\\/occasions-smart-garage-marseille-aubagne\\\/#primaryimage\"},\"image\":{\"@id\":\"https:\\\/\\\/smart-vente-reparation.fr\\\/index.php\\\/occasions-smart-garage-marseille-aubagne\\\/#primaryimage\"},\"thumbnailUrl\":\"https:\\\/\\\/smart-vente-reparation.fr\\\/wp-content\\\/uploads\\\/2024\\\/04\\\/SMART-SQUELETTE.jpg\",\"datePublished\":\"2024-04-07T21:36:42+00:00\",\"dateModified\":\"2025-07-30T09:54:02+00:00\",\"description\":\"garage smart vente d'occasions Marseille mod\u00e8le de smart, boite automatique, contr\u00f4le technique, motorisation smart, garantie 12 \u00e0 24 mois\",\"breadcrumb\":{\"@id\":\"https:\\\/\\\/smart-vente-reparation.fr\\\/index.php\\\/occasions-smart-garage-marseille-aubagne\\\/#breadcrumb\"},\"inLanguage\":\"fr-FR\",\"potentialAction\":[{\"@type\":\"ReadAction\",\"target\":[\"https:\\\/\\\/smart-vente-reparation.fr\\\/index.php\\\/occasions-smart-garage-marseille-aubagne\\\/\"]}]},{\"@type\":\"ImageObject\",\"inLanguage\":\"fr-FR\",\"@id\":\"https:\\\/\\\/smart-vente-reparation.fr\\\/index.php\\\/occasions-smart-garage-marseille-aubagne\\\/#primaryimage\",\"url\":\"https:\\\/\\\/smart-vente-reparation.fr\\\/wp-content\\\/uploads\\\/2024\\\/04\\\/SMART-SQUELETTE.jpg\",\"contentUrl\":\"https:\\\/\\\/smart-vente-reparation.fr\\\/wp-content\\\/uploads\\\/2024\\\/04\\\/SMART-SQUELETTE.jpg\"},{\"@type\":\"BreadcrumbList\",\"@id\":\"https:\\\/\\\/smart-vente-reparation.fr\\\/index.php\\\/occasions-smart-garage-marseille-aubagne\\\/#breadcrumb\",\"itemListElement\":[{\"@type\":\"ListItem\",\"position\":1,\"name\":\"Accueil\",\"item\":\"https:\\\/\\\/smart-vente-reparation.fr\\\/\"},{\"@type\":\"ListItem\",\"position\":2,\"name\":\"Occasions Smart\"}]},{\"@type\":\"WebSite\",\"@id\":\"https:\\\/\\\/smart-vente-reparation.fr\\\/#website\",\"url\":\"https:\\\/\\\/smart-vente-reparation.fr\\\/\",\"name\":\"smart-vente-reparation.fr\",\"description\":\"SMARTFUN AUTO VOUS PROPOSE TOUT UNE GAMME DE SERVICES POUR VOTRE SMART\",\"publisher\":{\"@id\":\"https:\\\/\\\/smart-vente-reparation.fr\\\/#organization\"},\"potentialAction\":[{\"@type\":\"SearchAction\",\"target\":{\"@type\":\"EntryPoint\",\"urlTemplate\":\"https:\\\/\\\/smart-vente-reparation.fr\\\/?s={search_term_string}\"},\"query-input\":{\"@type\":\"PropertyValueSpecification\",\"valueRequired\":true,\"valueName\":\"search_term_string\"}}],\"inLanguage\":\"fr-FR\"},{\"@type\":\"Organization\",\"@id\":\"https:\\\/\\\/smart-vente-reparation.fr\\\/#organization\",\"name\":\"Smartfun auto\",\"url\":\"https:\\\/\\\/smart-vente-reparation.fr\\\/\",\"logo\":{\"@type\":\"ImageObject\",\"inLanguage\":\"fr-FR\",\"@id\":\"https:\\\/\\\/smart-vente-reparation.fr\\\/#\\\/schema\\\/logo\\\/image\\\/\",\"url\":\"https:\\\/\\\/smart-vente-reparation.fr\\\/wp-content\\\/uploads\\\/2024\\\/04\\\/cropped-logotel.jpg\",\"contentUrl\":\"https:\\\/\\\/smart-vente-reparation.fr\\\/wp-content\\\/uploads\\\/2024\\\/04\\\/cropped-logotel.jpg\",\"width\":549,\"height\":72,\"caption\":\"Smartfun auto\"},\"image\":{\"@id\":\"https:\\\/\\\/smart-vente-reparation.fr\\\/#\\\/schema\\\/logo\\\/image\\\/\"}}]}<\/script>\n<!-- \/ Yoast SEO plugin. -->","yoast_head_json":{"title":"Occasions Smart -","description":"garage smart vente d'occasions Marseille mod\u00e8le de smart, boite automatique, contr\u00f4le technique, motorisation smart, garantie 12 \u00e0 24 mois","robots":{"index":"index","follow":"follow","max-snippet":"max-snippet:-1","max-image-preview":"max-image-preview:large","max-video-preview":"max-video-preview:-1"},"canonical":"https:\/\/smart-vente-reparation.fr\/index.php\/occasions-smart-garage-marseille-aubagne\/","og_locale":"fr_FR","og_type":"article","og_title":"Occasions Smart -","og_description":"garage smart vente d'occasions Marseille mod\u00e8le de smart, boite automatique, contr\u00f4le technique, motorisation smart, garantie 12 \u00e0 24 mois","og_url":"https:\/\/smart-vente-reparation.fr\/index.php\/occasions-smart-garage-marseille-aubagne\/","article_modified_time":"2025-07-30T09:54:02+00:00","og_image":[{"width":492,"height":349,"url":"https:\/\/smart-vente-reparation.fr\/wp-content\/uploads\/2024\/04\/SMART-SQUELETTE.jpg","type":"image\/jpeg"}],"twitter_card":"summary_large_image","twitter_misc":{"Dur\u00e9e de lecture estim\u00e9e":"4 minutes"},"schema":{"@context":"https:\/\/schema.org","@graph":[{"@type":"WebPage","@id":"https:\/\/smart-vente-reparation.fr\/index.php\/occasions-smart-garage-marseille-aubagne\/","url":"https:\/\/smart-vente-reparation.fr\/index.php\/occasions-smart-garage-marseille-aubagne\/","name":"Occasions Smart -","isPartOf":{"@id":"https:\/\/smart-vente-reparation.fr\/#website"},"primaryImageOfPage":{"@id":"https:\/\/smart-vente-reparation.fr\/index.php\/occasions-smart-garage-marseille-aubagne\/#primaryimage"},"image":{"@id":"https:\/\/smart-vente-reparation.fr\/index.php\/occasions-smart-garage-marseille-aubagne\/#primaryimage"},"thumbnailUrl":"https:\/\/smart-vente-reparation.fr\/wp-content\/uploads\/2024\/04\/SMART-SQUELETTE.jpg","datePublished":"2024-04-07T21:36:42+00:00","dateModified":"2025-07-30T09:54:02+00:00","description":"garage smart vente d'occasions Marseille mod\u00e8le de smart, boite automatique, contr\u00f4le technique, motorisation smart, garantie 12 \u00e0 24 mois","breadcrumb":{"@id":"https:\/\/smart-vente-reparation.fr\/index.php\/occasions-smart-garage-marseille-aubagne\/#breadcrumb"},"inLanguage":"fr-FR","potentialAction":[{"@type":"ReadAction","target":["https:\/\/smart-vente-reparation.fr\/index.php\/occasions-smart-garage-marseille-aubagne\/"]}]},{"@type":"ImageObject","inLanguage":"fr-FR","@id":"https:\/\/smart-vente-reparation.fr\/index.php\/occasions-smart-garage-marseille-aubagne\/#primaryimage","url":"https:\/\/smart-vente-reparation.fr\/wp-content\/uploads\/2024\/04\/SMART-SQUELETTE.jpg","contentUrl":"https:\/\/smart-vente-reparation.fr\/wp-content\/uploads\/2024\/04\/SMART-SQUELETTE.jpg"},{"@type":"BreadcrumbList","@id":"https:\/\/smart-vente-reparation.fr\/index.php\/occasions-smart-garage-marseille-aubagne\/#breadcrumb","itemListElement":[{"@type":"ListItem","position":1,"name":"Accueil","item":"https:\/\/smart-vente-reparation.fr\/"},{"@type":"ListItem","position":2,"name":"Occasions Smart"}]},{"@type":"WebSite","@id":"https:\/\/smart-vente-reparation.fr\/#website","url":"https:\/\/smart-vente-reparation.fr\/","name":"smart-vente-reparation.fr","description":"SMARTFUN AUTO VOUS PROPOSE TOUT UNE GAMME DE SERVICES POUR VOTRE SMART","publisher":{"@id":"https:\/\/smart-vente-reparation.fr\/#organization"},"potentialAction":[{"@type":"SearchAction","target":{"@type":"EntryPoint","urlTemplate":"https:\/\/smart-vente-reparation.fr\/?s={search_term_string}"},"query-input":{"@type":"PropertyValueSpecification","valueRequired":true,"valueName":"search_term_string"}}],"inLanguage":"fr-FR"},{"@type":"Organization","@id":"https:\/\/smart-vente-reparation.fr\/#organization","name":"Smartfun auto","url":"https:\/\/smart-vente-reparation.fr\/","logo":{"@type":"ImageObject","inLanguage":"fr-FR","@id":"https:\/\/smart-vente-reparation.fr\/#\/schema\/logo\/image\/","url":"https:\/\/smart-vente-reparation.fr\/wp-content\/uploads\/2024\/04\/cropped-logotel.jpg","contentUrl":"https:\/\/smart-vente-reparation.fr\/wp-content\/uploads\/2024\/04\/cropped-logotel.jpg","width":549,"height":72,"caption":"Smartfun auto"},"image":{"@id":"https:\/\/smart-vente-reparation.fr\/#\/schema\/logo\/image\/"}}]}},"_links":{"self":[{"href":"https:\/\/smart-vente-reparation.fr\/index.php\/wp-json\/wp\/v2\/pages\/46","targetHints":{"allow":["GET"]}}],"collection":[{"href":"https:\/\/smart-vente-reparation.fr\/index.php\/wp-json\/wp\/v2\/pages"}],"about":[{"href":"https:\/\/smart-vente-reparation.fr\/index.php\/wp-json\/wp\/v2\/types\/page"}],"author":[{"embeddable":true,"href":"https:\/\/smart-vente-reparation.fr\/index.php\/wp-json\/wp\/v2\/users\/1"}],"replies":[{"embeddable":true,"href":"https:\/\/smart-vente-reparation.fr\/index.php\/wp-json\/wp\/v2\/comments?post=46"}],"version-history":[{"count":69,"href":"https:\/\/smart-vente-reparation.fr\/index.php\/wp-json\/wp\/v2\/pages\/46\/revisions"}],"predecessor-version":[{"id":602,"href":"https:\/\/smart-vente-reparation.fr\/index.php\/wp-json\/wp\/v2\/pages\/46\/revisions\/602"}],"wp:attachment":[{"href":"https:\/\/smart-vente-reparation.fr\/index.php\/wp-json\/wp\/v2\/media?parent=46"}],"curies":[{"name":"wp","href":"https:\/\/api.w.org\/{rel}","templated":true}]}}