{"id":74,"date":"2024-04-08T12:01:53","date_gmt":"2024-04-08T10:01:53","guid":{"rendered":"https:\/\/smart-vente-reparation.fr\/?page_id=74"},"modified":"2024-05-23T14:28:54","modified_gmt":"2024-05-23T12:28:54","slug":"contact","status":"publish","type":"page","link":"https:\/\/smart-vente-reparation.fr\/index.php\/contact\/","title":{"rendered":"Contact"},"content":{"rendered":"\n<figure class=\"wp-block-table aligncenter\"><table><tbody><tr><td><iframe src=\"https:\/\/www.google.com\/maps\/embed?pb=!1m18!1m12!1m3!1d2902.940561932089!2d5.579584076381935!3d43.3155036742062!2m3!1f0!2f0!3f0!3m2!1i1024!2i768!4f13.1!3m3!1m2!1s0x12c9a3220f3b4e55%3A0xd85374c468d16ff4!2sSmartfun%20auto!5e0!3m2!1sfr!2sfr!4v1712570395320!5m2!1sfr!2sfr\" style=\"border:0;\" allowfullscreen=\"\" loading=\"lazy\" referrerpolicy=\"no-referrer-when-downgrade\" width=\"600\" height=\"450\"><\/iframe><\/td><\/tr><\/tbody><\/table><\/figure>\n\n\n\n<div class=\"wp-block-contact-form-7-contact-form-selector\">\n<div class=\"wpcf7 no-js\" id=\"wpcf7-f593-o1\" lang=\"fr-FR\" dir=\"ltr\" data-wpcf7-id=\"593\">\n<div class=\"screen-reader-response\"><p role=\"status\" aria-live=\"polite\" aria-atomic=\"true\"><\/p> <ul><\/ul><\/div>\n<form action=\"\/index.php\/wp-json\/wp\/v2\/pages\/74#wpcf7-f593-o1\" method=\"post\" class=\"wpcf7-form init\" aria-label=\"Formulaire de contact\" novalidate=\"novalidate\" data-status=\"init\">\n<fieldset class=\"hidden-fields-container\"><input type=\"hidden\" name=\"_wpcf7\" value=\"593\" \/><input type=\"hidden\" name=\"_wpcf7_version\" value=\"6.1.5\" \/><input type=\"hidden\" name=\"_wpcf7_locale\" value=\"fr_FR\" \/><input type=\"hidden\" name=\"_wpcf7_unit_tag\" value=\"wpcf7-f593-o1\" \/><input type=\"hidden\" name=\"_wpcf7_container_post\" value=\"0\" \/><input type=\"hidden\" name=\"_wpcf7_posted_data_hash\" value=\"\" \/>\n<\/fieldset>\n<p><label> Votre nom<br \/>\n<span class=\"wpcf7-form-control-wrap\" data-name=\"your-name\"><input size=\"40\" maxlength=\"400\" class=\"wpcf7-form-control wpcf7-text wpcf7-validates-as-required\" autocomplete=\"name\" aria-required=\"true\" aria-invalid=\"false\" value=\"\" type=\"text\" name=\"your-name\" \/><\/span> <\/label>\n<\/p>\n<p><label> Votre e-mail<br \/>\n<span class=\"wpcf7-form-control-wrap\" data-name=\"your-email\"><input size=\"40\" maxlength=\"400\" class=\"wpcf7-form-control wpcf7-email wpcf7-validates-as-required wpcf7-text wpcf7-validates-as-email\" autocomplete=\"email\" aria-required=\"true\" aria-invalid=\"false\" value=\"\" type=\"email\" name=\"your-email\" \/><\/span> <\/label>\n<\/p>\n<p><label> Objet<br \/>\n<span class=\"wpcf7-form-control-wrap\" data-name=\"your-subject\"><input size=\"40\" maxlength=\"400\" class=\"wpcf7-form-control wpcf7-text wpcf7-validates-as-required\" aria-required=\"true\" aria-invalid=\"false\" value=\"\" type=\"text\" name=\"your-subject\" \/><\/span> <\/label>\n<\/p>\n<p><label> Votre message (facultatif)<br \/>\n<span class=\"wpcf7-form-control-wrap\" data-name=\"your-message\"><textarea cols=\"40\" rows=\"10\" maxlength=\"2000\" class=\"wpcf7-form-control wpcf7-textarea\" aria-invalid=\"false\" name=\"your-message\"><\/textarea><\/span> <\/label>\n<\/p>\n<p><input class=\"wpcf7-form-control wpcf7-submit has-spinner\" type=\"submit\" value=\"Envoyer\" \/>\n<\/p><div class=\"wpcf7-response-output\" aria-hidden=\"true\"><\/div>\n<\/form>\n<\/div>\n<\/div>\n\n\n\n<figure class=\"wp-block-table is-style-regular has-medium-font-size\"><table class=\"has-background\" style=\"background:linear-gradient(180deg,rgb(255,255,255) 0%,rgb(182,227,212) 50%,rgb(152,222,208) 100%)\"><tbody><tr><td class=\"has-text-align-center\" data-align=\"center\"><strong>Rendez-vous<br>Garage SmartFun Auto <br><a href=\"https:\/\/www.google.fr\/maps\/dir\/\/445+Av.+des+Templiers,+13400+Aubagne\/@43.3154702,5.4997583,12z\/data=!4m8!4m7!1m0!1m5!1m1!1s0x12c9a3220f3b4e55:0xd85374c468d16ff4!2m2!1d5.582159!2d43.3154998?entry=ttu\">(voir l&rsquo;itin\u00e9raire)<\/a><br>ou<br>Contactez-nous<br><a href=\"tel:+33608351795\">06 08 35 17 95<\/a><\/strong><\/td><\/tr><\/tbody><\/table><\/figure>\n","protected":false},"excerpt":{"rendered":"<p>Rendez-vousGarage SmartFun Auto (voir l&rsquo;itin\u00e9raire)ouContactez-nous06 08 35 17 95<\/p>\n","protected":false},"author":1,"featured_media":0,"parent":0,"menu_order":7,"comment_status":"closed","ping_status":"closed","template":"","meta":{"footnotes":""},"class_list":["post-74","page","type-page","status-publish","hentry"],"yoast_head":"<!-- This site is optimized with the Yoast SEO plugin v27.4 - https:\/\/yoast.com\/product\/yoast-seo-wordpress\/ -->\n<title>Contact -<\/title>\n<meta name=\"description\" content=\"garage smart r\u00e9paration, r\u00e9vision embrayage Marseille Aubagne v\u00e9hicule remorquage \u00e9cran multim\u00e9dia bluetooth sp\u00e9cialiste chargeur panne moteur\" \/>\n<meta name=\"robots\" content=\"index, follow, max-snippet:-1, max-image-preview:large, max-video-preview:-1\" \/>\n<link rel=\"canonical\" href=\"https:\/\/smart-vente-reparation.fr\/index.php\/contact\/\" \/>\n<meta property=\"og:locale\" content=\"fr_FR\" \/>\n<meta property=\"og:type\" content=\"article\" \/>\n<meta property=\"og:title\" content=\"Contact -\" \/>\n<meta property=\"og:description\" content=\"garage smart r\u00e9paration, r\u00e9vision embrayage Marseille Aubagne v\u00e9hicule remorquage \u00e9cran multim\u00e9dia bluetooth sp\u00e9cialiste chargeur panne moteur\" \/>\n<meta property=\"og:url\" content=\"https:\/\/smart-vente-reparation.fr\/index.php\/contact\/\" \/>\n<meta property=\"article:modified_time\" content=\"2024-05-23T12:28:54+00:00\" \/>\n<meta name=\"twitter:card\" content=\"summary_large_image\" \/>\n<meta name=\"twitter:label1\" content=\"Dur\u00e9e de lecture estim\u00e9e\" \/>\n\t<meta name=\"twitter:data1\" content=\"1 minute\" \/>\n<script type=\"application\/ld+json\" class=\"yoast-schema-graph\">{\"@context\":\"https:\\\/\\\/schema.org\",\"@graph\":[{\"@type\":\"WebPage\",\"@id\":\"https:\\\/\\\/smart-vente-reparation.fr\\\/index.php\\\/contact\\\/\",\"url\":\"https:\\\/\\\/smart-vente-reparation.fr\\\/index.php\\\/contact\\\/\",\"name\":\"Contact -\",\"isPartOf\":{\"@id\":\"https:\\\/\\\/smart-vente-reparation.fr\\\/#website\"},\"datePublished\":\"2024-04-08T10:01:53+00:00\",\"dateModified\":\"2024-05-23T12:28:54+00:00\",\"description\":\"garage smart r\u00e9paration, r\u00e9vision embrayage Marseille Aubagne v\u00e9hicule remorquage \u00e9cran multim\u00e9dia bluetooth sp\u00e9cialiste chargeur panne moteur\",\"breadcrumb\":{\"@id\":\"https:\\\/\\\/smart-vente-reparation.fr\\\/index.php\\\/contact\\\/#breadcrumb\"},\"inLanguage\":\"fr-FR\",\"potentialAction\":[{\"@type\":\"ReadAction\",\"target\":[\"https:\\\/\\\/smart-vente-reparation.fr\\\/index.php\\\/contact\\\/\"]}]},{\"@type\":\"BreadcrumbList\",\"@id\":\"https:\\\/\\\/smart-vente-reparation.fr\\\/index.php\\\/contact\\\/#breadcrumb\",\"itemListElement\":[{\"@type\":\"ListItem\",\"position\":1,\"name\":\"Accueil\",\"item\":\"https:\\\/\\\/smart-vente-reparation.fr\\\/\"},{\"@type\":\"ListItem\",\"position\":2,\"name\":\"Contact\"}]},{\"@type\":\"WebSite\",\"@id\":\"https:\\\/\\\/smart-vente-reparation.fr\\\/#website\",\"url\":\"https:\\\/\\\/smart-vente-reparation.fr\\\/\",\"name\":\"smart-vente-reparation.fr\",\"description\":\"SMARTFUN AUTO VOUS PROPOSE TOUT UNE GAMME DE SERVICES POUR VOTRE SMART\",\"publisher\":{\"@id\":\"https:\\\/\\\/smart-vente-reparation.fr\\\/#organization\"},\"potentialAction\":[{\"@type\":\"SearchAction\",\"target\":{\"@type\":\"EntryPoint\",\"urlTemplate\":\"https:\\\/\\\/smart-vente-reparation.fr\\\/?s={search_term_string}\"},\"query-input\":{\"@type\":\"PropertyValueSpecification\",\"valueRequired\":true,\"valueName\":\"search_term_string\"}}],\"inLanguage\":\"fr-FR\"},{\"@type\":\"Organization\",\"@id\":\"https:\\\/\\\/smart-vente-reparation.fr\\\/#organization\",\"name\":\"Smartfun auto\",\"url\":\"https:\\\/\\\/smart-vente-reparation.fr\\\/\",\"logo\":{\"@type\":\"ImageObject\",\"inLanguage\":\"fr-FR\",\"@id\":\"https:\\\/\\\/smart-vente-reparation.fr\\\/#\\\/schema\\\/logo\\\/image\\\/\",\"url\":\"https:\\\/\\\/smart-vente-reparation.fr\\\/wp-content\\\/uploads\\\/2024\\\/04\\\/cropped-logotel.jpg\",\"contentUrl\":\"https:\\\/\\\/smart-vente-reparation.fr\\\/wp-content\\\/uploads\\\/2024\\\/04\\\/cropped-logotel.jpg\",\"width\":549,\"height\":72,\"caption\":\"Smartfun auto\"},\"image\":{\"@id\":\"https:\\\/\\\/smart-vente-reparation.fr\\\/#\\\/schema\\\/logo\\\/image\\\/\"}}]}<\/script>\n<!-- \/ Yoast SEO plugin. -->","yoast_head_json":{"title":"Contact -","description":"garage smart r\u00e9paration, r\u00e9vision embrayage Marseille Aubagne v\u00e9hicule remorquage \u00e9cran multim\u00e9dia bluetooth sp\u00e9cialiste chargeur panne moteur","robots":{"index":"index","follow":"follow","max-snippet":"max-snippet:-1","max-image-preview":"max-image-preview:large","max-video-preview":"max-video-preview:-1"},"canonical":"https:\/\/smart-vente-reparation.fr\/index.php\/contact\/","og_locale":"fr_FR","og_type":"article","og_title":"Contact -","og_description":"garage smart r\u00e9paration, r\u00e9vision embrayage Marseille Aubagne v\u00e9hicule remorquage \u00e9cran multim\u00e9dia bluetooth sp\u00e9cialiste chargeur panne moteur","og_url":"https:\/\/smart-vente-reparation.fr\/index.php\/contact\/","article_modified_time":"2024-05-23T12:28:54+00:00","twitter_card":"summary_large_image","twitter_misc":{"Dur\u00e9e de lecture estim\u00e9e":"1 minute"},"schema":{"@context":"https:\/\/schema.org","@graph":[{"@type":"WebPage","@id":"https:\/\/smart-vente-reparation.fr\/index.php\/contact\/","url":"https:\/\/smart-vente-reparation.fr\/index.php\/contact\/","name":"Contact -","isPartOf":{"@id":"https:\/\/smart-vente-reparation.fr\/#website"},"datePublished":"2024-04-08T10:01:53+00:00","dateModified":"2024-05-23T12:28:54+00:00","description":"garage smart r\u00e9paration, r\u00e9vision embrayage Marseille Aubagne v\u00e9hicule remorquage \u00e9cran multim\u00e9dia bluetooth sp\u00e9cialiste chargeur panne moteur","breadcrumb":{"@id":"https:\/\/smart-vente-reparation.fr\/index.php\/contact\/#breadcrumb"},"inLanguage":"fr-FR","potentialAction":[{"@type":"ReadAction","target":["https:\/\/smart-vente-reparation.fr\/index.php\/contact\/"]}]},{"@type":"BreadcrumbList","@id":"https:\/\/smart-vente-reparation.fr\/index.php\/contact\/#breadcrumb","itemListElement":[{"@type":"ListItem","position":1,"name":"Accueil","item":"https:\/\/smart-vente-reparation.fr\/"},{"@type":"ListItem","position":2,"name":"Contact"}]},{"@type":"WebSite","@id":"https:\/\/smart-vente-reparation.fr\/#website","url":"https:\/\/smart-vente-reparation.fr\/","name":"smart-vente-reparation.fr","description":"SMARTFUN AUTO VOUS PROPOSE TOUT UNE GAMME DE SERVICES POUR VOTRE SMART","publisher":{"@id":"https:\/\/smart-vente-reparation.fr\/#organization"},"potentialAction":[{"@type":"SearchAction","target":{"@type":"EntryPoint","urlTemplate":"https:\/\/smart-vente-reparation.fr\/?s={search_term_string}"},"query-input":{"@type":"PropertyValueSpecification","valueRequired":true,"valueName":"search_term_string"}}],"inLanguage":"fr-FR"},{"@type":"Organization","@id":"https:\/\/smart-vente-reparation.fr\/#organization","name":"Smartfun auto","url":"https:\/\/smart-vente-reparation.fr\/","logo":{"@type":"ImageObject","inLanguage":"fr-FR","@id":"https:\/\/smart-vente-reparation.fr\/#\/schema\/logo\/image\/","url":"https:\/\/smart-vente-reparation.fr\/wp-content\/uploads\/2024\/04\/cropped-logotel.jpg","contentUrl":"https:\/\/smart-vente-reparation.fr\/wp-content\/uploads\/2024\/04\/cropped-logotel.jpg","width":549,"height":72,"caption":"Smartfun auto"},"image":{"@id":"https:\/\/smart-vente-reparation.fr\/#\/schema\/logo\/image\/"}}]}},"_links":{"self":[{"href":"https:\/\/smart-vente-reparation.fr\/index.php\/wp-json\/wp\/v2\/pages\/74","targetHints":{"allow":["GET"]}}],"collection":[{"href":"https:\/\/smart-vente-reparation.fr\/index.php\/wp-json\/wp\/v2\/pages"}],"about":[{"href":"https:\/\/smart-vente-reparation.fr\/index.php\/wp-json\/wp\/v2\/types\/page"}],"author":[{"embeddable":true,"href":"https:\/\/smart-vente-reparation.fr\/index.php\/wp-json\/wp\/v2\/users\/1"}],"replies":[{"embeddable":true,"href":"https:\/\/smart-vente-reparation.fr\/index.php\/wp-json\/wp\/v2\/comments?post=74"}],"version-history":[{"count":11,"href":"https:\/\/smart-vente-reparation.fr\/index.php\/wp-json\/wp\/v2\/pages\/74\/revisions"}],"predecessor-version":[{"id":594,"href":"https:\/\/smart-vente-reparation.fr\/index.php\/wp-json\/wp\/v2\/pages\/74\/revisions\/594"}],"wp:attachment":[{"href":"https:\/\/smart-vente-reparation.fr\/index.php\/wp-json\/wp\/v2\/media?parent=74"}],"curies":[{"name":"wp","href":"https:\/\/api.w.org\/{rel}","templated":true}]}}