{"id":9,"date":"2024-04-07T22:15:39","date_gmt":"2024-04-07T20:15:39","guid":{"rendered":"http:\/\/smart-vente-reparation.fr\/?page_id=9"},"modified":"2024-04-20T10:15:28","modified_gmt":"2024-04-20T08:15:28","slug":"revisions","status":"publish","type":"page","link":"https:\/\/smart-vente-reparation.fr\/index.php\/revisions\/","title":{"rendered":"R\u00e9visions Smart"},"content":{"rendered":"\n<p>Nous vous proposons 3 types de forfait qui s&rsquo;adapter \u00e0 vos besoins.<\/p>\n\n\n\n<figure class=\"wp-block-table\"><table><tbody><tr><td><\/td><td class=\"has-text-align-center\" data-align=\"center\">159\u20ac<\/td><td class=\"has-text-align-center\" data-align=\"center\">199\u20ac<\/td><td class=\"has-text-align-center\" data-align=\"center\">249\u20ac<\/td><\/tr><tr><td>. 25 points de contr\u00f4les<br>. DIAG<br>. Mise \u00e0 niveau des fluides<\/td><td class=\"has-text-align-center\" data-align=\"center\">X<\/td><td class=\"has-text-align-center\" data-align=\"center\">X<\/td><td class=\"has-text-align-center\" data-align=\"center\">X<\/td><\/tr><tr><td>. Huile moteur 5w30<br>. Filtre \u00e0 l&rsquo;huile<br>. Filtre \u00e0 air<br>. Filtre \u00e0 essence<br>. Filtre habitacle<\/td><td class=\"has-text-align-center\" data-align=\"center\">X<\/td><td class=\"has-text-align-center\" data-align=\"center\">X<\/td><td class=\"has-text-align-center\" data-align=\"center\">X<\/td><\/tr><tr><td>. Remplacement des bougies d&rsquo;allumages<\/td><td class=\"has-text-align-center\" data-align=\"center\"><\/td><td class=\"has-text-align-center\" data-align=\"center\">X<\/td><td class=\"has-text-align-center\" data-align=\"center\">X<\/td><\/tr><tr><td>. Vidanges et traitement antifrictions<br>de la boite \u00e0 vitesse<\/td><td class=\"has-text-align-center\" data-align=\"center\"><\/td><td class=\"has-text-align-center\" data-align=\"center\"><\/td><td class=\"has-text-align-center\" data-align=\"center\">X<\/td><\/tr><\/tbody><\/table><\/figure>\n\n\n\n<p class=\"has-text-align-center has-medium-font-size\"><strong>L&rsquo;INTERVENTION EST FAITE EN MOINS D&rsquo; 1 HEURE UN PR\u00caT DE V\u00c9HICULE EST POSSIBLE.<\/strong><\/p>\n\n\n\n<figure class=\"wp-block-table is-style-regular has-medium-font-size\" style=\"font-style:normal;font-weight:700;text-transform:uppercase\"><table class=\"has-black-color has-text-color has-background has-link-color\" style=\"background-color:#98ded0\"><tbody><tr><td class=\"has-text-align-center\" data-align=\"center\"><strong>+ infos<\/strong><\/td><\/tr><tr><td class=\"has-text-align-center\" data-align=\"center\">Rendez-vous<br>Garage SmartFun Auto <br><a href=\"https:\/\/www.google.fr\/maps\/dir\/\/445+Av.+des+Templiers,+13400+Aubagne\/@43.3154702,5.4997583,12z\/data=!4m8!4m7!1m0!1m5!1m1!1s0x12c9a3220f3b4e55:0xd85374c468d16ff4!2m2!1d5.582159!2d43.3154998?entry=ttu\">(voir l&rsquo;itin\u00e9raire)<\/a><br>ou<br>Contactez-nous<br><a href=\"tel:+33608351795\">06 08 35 17 95<\/a><br> <img decoding=\"async\" width=\"299\" height=\"46\" class=\"wp-image-246\" src=\"http:\/\/smart-vente-reparation.fr\/wp-content\/uploads\/2024\/04\/outil2.jpg\" alt=\"\"><\/td><\/tr><\/tbody><\/table><\/figure>\n","protected":false},"excerpt":{"rendered":"<p>Nous vous proposons 3 types de forfait qui s&rsquo;adapter \u00e0 vos besoins. 159\u20ac 199\u20ac 249\u20ac . 25 points de contr\u00f4les. DIAG. Mise \u00e0 niveau des fluides X X X . Huile moteur 5w30. Filtre \u00e0 l&rsquo;huile. Filtre \u00e0 air. Filtre \u00e0 essence. Filtre habitacle X X X . Remplacement des bougies d&rsquo;allumages X X . [&hellip;]<\/p>\n","protected":false},"author":1,"featured_media":0,"parent":0,"menu_order":2,"comment_status":"closed","ping_status":"closed","template":"","meta":{"footnotes":""},"class_list":["post-9","page","type-page","status-publish","hentry"],"yoast_head":"<!-- This site is optimized with the Yoast SEO plugin v27.4 - https:\/\/yoast.com\/product\/yoast-seo-wordpress\/ -->\n<title>R\u00e9visions Smart -<\/title>\n<meta name=\"robots\" content=\"index, follow, max-snippet:-1, max-image-preview:large, max-video-preview:-1\" \/>\n<link rel=\"canonical\" href=\"https:\/\/smart-vente-reparation.fr\/index.php\/revisions\/\" \/>\n<meta property=\"og:locale\" content=\"fr_FR\" \/>\n<meta property=\"og:type\" content=\"article\" \/>\n<meta property=\"og:title\" content=\"R\u00e9visions Smart -\" \/>\n<meta property=\"og:description\" content=\"Nous vous proposons 3 types de forfait qui s&rsquo;adapter \u00e0 vos besoins. 159\u20ac 199\u20ac 249\u20ac . 25 points de contr\u00f4les. DIAG. Mise \u00e0 niveau des fluides X X X . Huile moteur 5w30. Filtre \u00e0 l&rsquo;huile. Filtre \u00e0 air. Filtre \u00e0 essence. Filtre habitacle X X X . Remplacement des bougies d&rsquo;allumages X X . [&hellip;]\" \/>\n<meta property=\"og:url\" content=\"https:\/\/smart-vente-reparation.fr\/index.php\/revisions\/\" \/>\n<meta property=\"article:modified_time\" content=\"2024-04-20T08:15:28+00:00\" \/>\n<meta property=\"og:image\" content=\"http:\/\/smart-vente-reparation.fr\/wp-content\/uploads\/2024\/04\/outil2.jpg\" \/>\n<meta name=\"twitter:card\" content=\"summary_large_image\" \/>\n<meta name=\"twitter:label1\" content=\"Dur\u00e9e de lecture estim\u00e9e\" \/>\n\t<meta name=\"twitter:data1\" content=\"1 minute\" \/>\n<script type=\"application\/ld+json\" class=\"yoast-schema-graph\">{\"@context\":\"https:\\\/\\\/schema.org\",\"@graph\":[{\"@type\":\"WebPage\",\"@id\":\"https:\\\/\\\/smart-vente-reparation.fr\\\/index.php\\\/revisions\\\/\",\"url\":\"https:\\\/\\\/smart-vente-reparation.fr\\\/index.php\\\/revisions\\\/\",\"name\":\"R\u00e9visions Smart -\",\"isPartOf\":{\"@id\":\"https:\\\/\\\/smart-vente-reparation.fr\\\/#website\"},\"primaryImageOfPage\":{\"@id\":\"https:\\\/\\\/smart-vente-reparation.fr\\\/index.php\\\/revisions\\\/#primaryimage\"},\"image\":{\"@id\":\"https:\\\/\\\/smart-vente-reparation.fr\\\/index.php\\\/revisions\\\/#primaryimage\"},\"thumbnailUrl\":\"http:\\\/\\\/smart-vente-reparation.fr\\\/wp-content\\\/uploads\\\/2024\\\/04\\\/outil2.jpg\",\"datePublished\":\"2024-04-07T20:15:39+00:00\",\"dateModified\":\"2024-04-20T08:15:28+00:00\",\"breadcrumb\":{\"@id\":\"https:\\\/\\\/smart-vente-reparation.fr\\\/index.php\\\/revisions\\\/#breadcrumb\"},\"inLanguage\":\"fr-FR\",\"potentialAction\":[{\"@type\":\"ReadAction\",\"target\":[\"https:\\\/\\\/smart-vente-reparation.fr\\\/index.php\\\/revisions\\\/\"]}]},{\"@type\":\"ImageObject\",\"inLanguage\":\"fr-FR\",\"@id\":\"https:\\\/\\\/smart-vente-reparation.fr\\\/index.php\\\/revisions\\\/#primaryimage\",\"url\":\"https:\\\/\\\/smart-vente-reparation.fr\\\/wp-content\\\/uploads\\\/2024\\\/04\\\/outil2.jpg\",\"contentUrl\":\"https:\\\/\\\/smart-vente-reparation.fr\\\/wp-content\\\/uploads\\\/2024\\\/04\\\/outil2.jpg\",\"width\":299,\"height\":46},{\"@type\":\"BreadcrumbList\",\"@id\":\"https:\\\/\\\/smart-vente-reparation.fr\\\/index.php\\\/revisions\\\/#breadcrumb\",\"itemListElement\":[{\"@type\":\"ListItem\",\"position\":1,\"name\":\"Accueil\",\"item\":\"https:\\\/\\\/smart-vente-reparation.fr\\\/\"},{\"@type\":\"ListItem\",\"position\":2,\"name\":\"R\u00e9visions Smart\"}]},{\"@type\":\"WebSite\",\"@id\":\"https:\\\/\\\/smart-vente-reparation.fr\\\/#website\",\"url\":\"https:\\\/\\\/smart-vente-reparation.fr\\\/\",\"name\":\"smart-vente-reparation.fr\",\"description\":\"SMARTFUN AUTO VOUS PROPOSE TOUT UNE GAMME DE SERVICES POUR VOTRE SMART\",\"publisher\":{\"@id\":\"https:\\\/\\\/smart-vente-reparation.fr\\\/#organization\"},\"potentialAction\":[{\"@type\":\"SearchAction\",\"target\":{\"@type\":\"EntryPoint\",\"urlTemplate\":\"https:\\\/\\\/smart-vente-reparation.fr\\\/?s={search_term_string}\"},\"query-input\":{\"@type\":\"PropertyValueSpecification\",\"valueRequired\":true,\"valueName\":\"search_term_string\"}}],\"inLanguage\":\"fr-FR\"},{\"@type\":\"Organization\",\"@id\":\"https:\\\/\\\/smart-vente-reparation.fr\\\/#organization\",\"name\":\"Smartfun auto\",\"url\":\"https:\\\/\\\/smart-vente-reparation.fr\\\/\",\"logo\":{\"@type\":\"ImageObject\",\"inLanguage\":\"fr-FR\",\"@id\":\"https:\\\/\\\/smart-vente-reparation.fr\\\/#\\\/schema\\\/logo\\\/image\\\/\",\"url\":\"https:\\\/\\\/smart-vente-reparation.fr\\\/wp-content\\\/uploads\\\/2024\\\/04\\\/cropped-logotel.jpg\",\"contentUrl\":\"https:\\\/\\\/smart-vente-reparation.fr\\\/wp-content\\\/uploads\\\/2024\\\/04\\\/cropped-logotel.jpg\",\"width\":549,\"height\":72,\"caption\":\"Smartfun auto\"},\"image\":{\"@id\":\"https:\\\/\\\/smart-vente-reparation.fr\\\/#\\\/schema\\\/logo\\\/image\\\/\"}}]}<\/script>\n<!-- \/ Yoast SEO plugin. -->","yoast_head_json":{"title":"R\u00e9visions Smart -","robots":{"index":"index","follow":"follow","max-snippet":"max-snippet:-1","max-image-preview":"max-image-preview:large","max-video-preview":"max-video-preview:-1"},"canonical":"https:\/\/smart-vente-reparation.fr\/index.php\/revisions\/","og_locale":"fr_FR","og_type":"article","og_title":"R\u00e9visions Smart -","og_description":"Nous vous proposons 3 types de forfait qui s&rsquo;adapter \u00e0 vos besoins. 159\u20ac 199\u20ac 249\u20ac . 25 points de contr\u00f4les. DIAG. Mise \u00e0 niveau des fluides X X X . Huile moteur 5w30. Filtre \u00e0 l&rsquo;huile. Filtre \u00e0 air. Filtre \u00e0 essence. Filtre habitacle X X X . Remplacement des bougies d&rsquo;allumages X X . [&hellip;]","og_url":"https:\/\/smart-vente-reparation.fr\/index.php\/revisions\/","article_modified_time":"2024-04-20T08:15:28+00:00","og_image":[{"url":"http:\/\/smart-vente-reparation.fr\/wp-content\/uploads\/2024\/04\/outil2.jpg","type":"","width":"","height":""}],"twitter_card":"summary_large_image","twitter_misc":{"Dur\u00e9e de lecture estim\u00e9e":"1 minute"},"schema":{"@context":"https:\/\/schema.org","@graph":[{"@type":"WebPage","@id":"https:\/\/smart-vente-reparation.fr\/index.php\/revisions\/","url":"https:\/\/smart-vente-reparation.fr\/index.php\/revisions\/","name":"R\u00e9visions Smart -","isPartOf":{"@id":"https:\/\/smart-vente-reparation.fr\/#website"},"primaryImageOfPage":{"@id":"https:\/\/smart-vente-reparation.fr\/index.php\/revisions\/#primaryimage"},"image":{"@id":"https:\/\/smart-vente-reparation.fr\/index.php\/revisions\/#primaryimage"},"thumbnailUrl":"http:\/\/smart-vente-reparation.fr\/wp-content\/uploads\/2024\/04\/outil2.jpg","datePublished":"2024-04-07T20:15:39+00:00","dateModified":"2024-04-20T08:15:28+00:00","breadcrumb":{"@id":"https:\/\/smart-vente-reparation.fr\/index.php\/revisions\/#breadcrumb"},"inLanguage":"fr-FR","potentialAction":[{"@type":"ReadAction","target":["https:\/\/smart-vente-reparation.fr\/index.php\/revisions\/"]}]},{"@type":"ImageObject","inLanguage":"fr-FR","@id":"https:\/\/smart-vente-reparation.fr\/index.php\/revisions\/#primaryimage","url":"https:\/\/smart-vente-reparation.fr\/wp-content\/uploads\/2024\/04\/outil2.jpg","contentUrl":"https:\/\/smart-vente-reparation.fr\/wp-content\/uploads\/2024\/04\/outil2.jpg","width":299,"height":46},{"@type":"BreadcrumbList","@id":"https:\/\/smart-vente-reparation.fr\/index.php\/revisions\/#breadcrumb","itemListElement":[{"@type":"ListItem","position":1,"name":"Accueil","item":"https:\/\/smart-vente-reparation.fr\/"},{"@type":"ListItem","position":2,"name":"R\u00e9visions Smart"}]},{"@type":"WebSite","@id":"https:\/\/smart-vente-reparation.fr\/#website","url":"https:\/\/smart-vente-reparation.fr\/","name":"smart-vente-reparation.fr","description":"SMARTFUN AUTO VOUS PROPOSE TOUT UNE GAMME DE SERVICES POUR VOTRE SMART","publisher":{"@id":"https:\/\/smart-vente-reparation.fr\/#organization"},"potentialAction":[{"@type":"SearchAction","target":{"@type":"EntryPoint","urlTemplate":"https:\/\/smart-vente-reparation.fr\/?s={search_term_string}"},"query-input":{"@type":"PropertyValueSpecification","valueRequired":true,"valueName":"search_term_string"}}],"inLanguage":"fr-FR"},{"@type":"Organization","@id":"https:\/\/smart-vente-reparation.fr\/#organization","name":"Smartfun auto","url":"https:\/\/smart-vente-reparation.fr\/","logo":{"@type":"ImageObject","inLanguage":"fr-FR","@id":"https:\/\/smart-vente-reparation.fr\/#\/schema\/logo\/image\/","url":"https:\/\/smart-vente-reparation.fr\/wp-content\/uploads\/2024\/04\/cropped-logotel.jpg","contentUrl":"https:\/\/smart-vente-reparation.fr\/wp-content\/uploads\/2024\/04\/cropped-logotel.jpg","width":549,"height":72,"caption":"Smartfun auto"},"image":{"@id":"https:\/\/smart-vente-reparation.fr\/#\/schema\/logo\/image\/"}}]}},"_links":{"self":[{"href":"https:\/\/smart-vente-reparation.fr\/index.php\/wp-json\/wp\/v2\/pages\/9","targetHints":{"allow":["GET"]}}],"collection":[{"href":"https:\/\/smart-vente-reparation.fr\/index.php\/wp-json\/wp\/v2\/pages"}],"about":[{"href":"https:\/\/smart-vente-reparation.fr\/index.php\/wp-json\/wp\/v2\/types\/page"}],"author":[{"embeddable":true,"href":"https:\/\/smart-vente-reparation.fr\/index.php\/wp-json\/wp\/v2\/users\/1"}],"replies":[{"embeddable":true,"href":"https:\/\/smart-vente-reparation.fr\/index.php\/wp-json\/wp\/v2\/comments?post=9"}],"version-history":[{"count":16,"href":"https:\/\/smart-vente-reparation.fr\/index.php\/wp-json\/wp\/v2\/pages\/9\/revisions"}],"predecessor-version":[{"id":522,"href":"https:\/\/smart-vente-reparation.fr\/index.php\/wp-json\/wp\/v2\/pages\/9\/revisions\/522"}],"wp:attachment":[{"href":"https:\/\/smart-vente-reparation.fr\/index.php\/wp-json\/wp\/v2\/media?parent=9"}],"curies":[{"name":"wp","href":"https:\/\/api.w.org\/{rel}","templated":true}]}}